{"id":1991,"date":"2020-06-03T14:51:45","date_gmt":"2020-06-03T12:51:45","guid":{"rendered":"https:\/\/at-tech.srl\/attrezzaggi\/"},"modified":"2024-11-12T13:03:22","modified_gmt":"2024-11-12T11:03:22","slug":"ausruestungen","status":"publish","type":"page","link":"https:\/\/at-tech.srl\/de\/ausruestungen\/","title":{"rendered":"AUSR\u00dcSTUNGEN"},"content":{"rendered":"<div>\n\n\t\t\t<!-- START toolingde REVOLUTION SLIDER 6.7.25 --><p class=\"rs-p-wp-fix\"><\/p>\n\t\t\t<rs-module-wrap id=\"rev_slider_14_1_wrapper\" data-source=\"gallery\" style=\"visibility:hidden;background:transparent;padding:0;margin:0px auto;margin-top:0;margin-bottom:0;\">\n\t\t\t\t<rs-module id=\"rev_slider_14_1\" style=\"\" data-version=\"6.7.25\">\n\t\t\t\t\t<rs-slides style=\"overflow: hidden; position: absolute;\">\n\t\t\t\t\t\t<rs-slide style=\"position: absolute;\" data-key=\"rs-45\" data-title=\"Attrezzaggi\" data-in=\"o:0;\" data-out=\"a:false;\">\n\t\t\t\t\t\t\t<img decoding=\"async\" src=\"\/\/at-tech.srl\/wp-content\/plugins\/revslider\/sr6\/assets\/assets\/dummy.png\" alt=\"Attrezzaggi\" title=\"Slider 20 Smartph\" width=\"480\" height=\"700\" class=\"rev-slidebg tp-rs-img rs-lazyload\" data-lazyload=\"\/\/at-tech.srl\/wp-content\/plugins\/revslider\/sr6\/assets\/assets\/transparent.png\" data-bg=\"p:center top;c:#ffffff;f:contain;\" data-no-retina>\n<!--\n\t\t\t\t\t\t\t--><rs-layer\n\t\t\t\t\t\t\t\tid=\"slider-14-slide-45-layer-14\" \n\t\t\t\t\t\t\t\tdata-type=\"image\"\n\t\t\t\t\t\t\t\tdata-rsp_ch=\"on\"\n\t\t\t\t\t\t\t\tdata-text=\"w:normal;\"\n\t\t\t\t\t\t\t\tdata-dim=\"w:[&#039;100%&#039;,&#039;100%&#039;,&#039;100%&#039;,&#039;100%&#039;];h:[&#039;100%&#039;,&#039;100%&#039;,&#039;100%&#039;,&#039;100%&#039;];\"\n\t\t\t\t\t\t\t\tdata-vbility=\"t,t,f,f\"\n\t\t\t\t\t\t\t\tdata-frame_0=\"x:-175%;o:1;\"\n\t\t\t\t\t\t\t\tdata-frame_0_mask=\"u:t;x:100%;\"\n\t\t\t\t\t\t\t\tdata-frame_1=\"e:power3.out;sp:1000;\"\n\t\t\t\t\t\t\t\tdata-frame_1_mask=\"u:t;\"\n\t\t\t\t\t\t\t\tdata-frame_999=\"o:0;st:w;sR:6990;\"\n\t\t\t\t\t\t\t\tstyle=\"z-index:8;\"\n\t\t\t\t\t\t\t><img decoding=\"async\" src=\"\/\/at-tech.srl\/wp-content\/plugins\/revslider\/sr6\/assets\/assets\/dummy.png\" alt=\"\" class=\"tp-rs-img rs-lazyload\" width=\"1920\" height=\"576\" data-lazyload=\"\/\/at-tech.srl\/wp-content\/uploads\/attrezzaggi-pc.jpg\" data-c=\"cover-proportional\" data-no-retina> \n\t\t\t\t\t\t\t<\/rs-layer><!--\n\n\t\t\t\t\t\t\t--><rs-layer\n\t\t\t\t\t\t\t\tid=\"slider-14-slide-45-layer-15\" \n\t\t\t\t\t\t\t\tdata-type=\"image\"\n\t\t\t\t\t\t\t\tdata-rsp_ch=\"on\"\n\t\t\t\t\t\t\t\tdata-xy=\"xo:50px,50px,0,0;yo:425px,425px,0,0;\"\n\t\t\t\t\t\t\t\tdata-text=\"w:normal;\"\n\t\t\t\t\t\t\t\tdata-dim=\"w:[&#039;100%&#039;,&#039;100%&#039;,&#039;100%&#039;,&#039;100%&#039;];h:[&#039;100%&#039;,&#039;100%&#039;,&#039;100%&#039;,&#039;100%&#039;];\"\n\t\t\t\t\t\t\t\tdata-vbility=\"f,f,t,f\"\n\t\t\t\t\t\t\t\tdata-frame_0=\"x:-175%;o:1;\"\n\t\t\t\t\t\t\t\tdata-frame_0_mask=\"u:t;x:100%;\"\n\t\t\t\t\t\t\t\tdata-frame_1=\"e:power3.out;sp:1000;\"\n\t\t\t\t\t\t\t\tdata-frame_1_mask=\"u:t;\"\n\t\t\t\t\t\t\t\tdata-frame_999=\"o:0;st:w;sR:7000;\"\n\t\t\t\t\t\t\t\tstyle=\"z-index:9;\"\n\t\t\t\t\t\t\t><img decoding=\"async\" src=\"\/\/at-tech.srl\/wp-content\/plugins\/revslider\/sr6\/assets\/assets\/dummy.png\" alt=\"\" class=\"tp-rs-img rs-lazyload\" width=\"778\" height=\"940\" data-lazyload=\"\/\/at-tech.srl\/wp-content\/uploads\/attrezzaggi-tab.jpg\" data-c=\"cover-proportional\" data-no-retina> \n\t\t\t\t\t\t\t<\/rs-layer><!--\n\n\t\t\t\t\t\t\t--><rs-layer\n\t\t\t\t\t\t\t\tid=\"slider-14-slide-45-layer-16\" \n\t\t\t\t\t\t\t\tdata-type=\"image\"\n\t\t\t\t\t\t\t\tdata-rsp_ch=\"on\"\n\t\t\t\t\t\t\t\tdata-xy=\"xo:50px,50px,0,0;yo:425px,425px,0,0;\"\n\t\t\t\t\t\t\t\tdata-text=\"w:normal;\"\n\t\t\t\t\t\t\t\tdata-dim=\"w:[&#039;100%&#039;,&#039;100%&#039;,&#039;100%&#039;,&#039;100%&#039;];h:[&#039;100%&#039;,&#039;100%&#039;,&#039;100%&#039;,&#039;100%&#039;];\"\n\t\t\t\t\t\t\t\tdata-vbility=\"f,f,f,t\"\n\t\t\t\t\t\t\t\tdata-frame_0=\"x:-175%;o:1;\"\n\t\t\t\t\t\t\t\tdata-frame_0_mask=\"u:t;x:100%;\"\n\t\t\t\t\t\t\t\tdata-frame_1=\"e:power3.out;sp:1000;\"\n\t\t\t\t\t\t\t\tdata-frame_1_mask=\"u:t;\"\n\t\t\t\t\t\t\t\tdata-frame_999=\"o:0;st:w;sR:6990;\"\n\t\t\t\t\t\t\t\tstyle=\"z-index:10;\"\n\t\t\t\t\t\t\t><img decoding=\"async\" src=\"\/\/at-tech.srl\/wp-content\/plugins\/revslider\/sr6\/assets\/assets\/dummy.png\" alt=\"\" class=\"tp-rs-img rs-lazyload\" width=\"480\" height=\"700\" data-lazyload=\"\/\/at-tech.srl\/wp-content\/uploads\/attrezzaggi-cell.jpg\" data-c=\"cover-proportional\" data-no-retina> \n\t\t\t\t\t\t\t<\/rs-layer><!--\n\n\t\t\t\t\t\t\t--><rs-layer\n\t\t\t\t\t\t\t\tid=\"slider-14-slide-45-layer-23\" \n\t\t\t\t\t\t\t\tdata-type=\"text\"\n\t\t\t\t\t\t\t\tdata-rsp_ch=\"on\"\n\t\t\t\t\t\t\t\tdata-xy=\"x:l,l,c,c;xo:33px,33px,0,0;y:m;yo:178px,178px,-337px,-257px;\"\n\t\t\t\t\t\t\t\tdata-text=\"w:normal;s:75,75,70,45;fw:900;\"\n\t\t\t\t\t\t\t\tdata-padding=\"t:60,60,40,30;r:60,60,40,30;b:60,60,40,30;l:60,60,40,30;\"\n\t\t\t\t\t\t\t\tdata-frame_1=\"st:500;sp:1500;sR:500;\"\n\t\t\t\t\t\t\t\tdata-frame_999=\"x:left;o:0;st:7250;sp:1500;\"\n\t\t\t\t\t\t\t\tstyle=\"z-index:12;background-color:rgba(48,64,146,0.8);font-family:'Nunito Sans';\"\n\t\t\t\t\t\t\t>AUSR\u00dcSTUNG UND GER\u00c4TSCHAFTEN \n\t\t\t\t\t\t\t<\/rs-layer><!--\n-->\t\t\t\t\t<\/rs-slide>\n\t\t\t\t\t\t<rs-slide style=\"position: absolute;\" data-key=\"rs-46\" data-title=\"Attrezzaggi\" data-in=\"o:0;\" data-out=\"a:false;\">\n\t\t\t\t\t\t\t<img decoding=\"async\" src=\"\/\/at-tech.srl\/wp-content\/plugins\/revslider\/sr6\/assets\/assets\/dummy.png\" alt=\"Attrezzaggi\" title=\"Slider 20 Smartph\" width=\"480\" height=\"700\" class=\"rev-slidebg tp-rs-img rs-lazyload\" data-lazyload=\"\/\/at-tech.srl\/wp-content\/plugins\/revslider\/sr6\/assets\/assets\/transparent.png\" data-bg=\"p:center top;c:#ffffff;f:contain;\" data-no-retina>\n<!--\n\t\t\t\t\t\t\t--><rs-layer\n\t\t\t\t\t\t\t\tid=\"slider-14-slide-46-layer-14\" \n\t\t\t\t\t\t\t\tdata-type=\"image\"\n\t\t\t\t\t\t\t\tdata-rsp_ch=\"on\"\n\t\t\t\t\t\t\t\tdata-text=\"w:normal;\"\n\t\t\t\t\t\t\t\tdata-dim=\"w:[&#039;100%&#039;,&#039;100%&#039;,&#039;100%&#039;,&#039;100%&#039;];h:[&#039;100%&#039;,&#039;100%&#039;,&#039;100%&#039;,&#039;100%&#039;];\"\n\t\t\t\t\t\t\t\tdata-vbility=\"t,t,f,f\"\n\t\t\t\t\t\t\t\tdata-frame_0=\"x:-175%;o:1;\"\n\t\t\t\t\t\t\t\tdata-frame_0_mask=\"u:t;x:100%;\"\n\t\t\t\t\t\t\t\tdata-frame_1=\"e:power3.out;sp:1000;\"\n\t\t\t\t\t\t\t\tdata-frame_1_mask=\"u:t;\"\n\t\t\t\t\t\t\t\tdata-frame_999=\"o:0;st:w;sR:6990;\"\n\t\t\t\t\t\t\t\tstyle=\"z-index:8;\"\n\t\t\t\t\t\t\t><img decoding=\"async\" src=\"\/\/at-tech.srl\/wp-content\/plugins\/revslider\/sr6\/assets\/assets\/dummy.png\" alt=\"\" class=\"tp-rs-img rs-lazyload\" width=\"1920\" height=\"576\" data-lazyload=\"\" data-c=\"cover-proportional\" data-no-retina> \n\t\t\t\t\t\t\t<\/rs-layer><!--\n\n\t\t\t\t\t\t\t--><rs-layer\n\t\t\t\t\t\t\t\tid=\"slider-14-slide-46-layer-15\" \n\t\t\t\t\t\t\t\tdata-type=\"image\"\n\t\t\t\t\t\t\t\tdata-rsp_ch=\"on\"\n\t\t\t\t\t\t\t\tdata-xy=\"xo:50px,50px,0,0;yo:425px,425px,0,0;\"\n\t\t\t\t\t\t\t\tdata-text=\"w:normal;\"\n\t\t\t\t\t\t\t\tdata-dim=\"w:[&#039;100%&#039;,&#039;100%&#039;,&#039;100%&#039;,&#039;100%&#039;];h:[&#039;100%&#039;,&#039;100%&#039;,&#039;100%&#039;,&#039;100%&#039;];\"\n\t\t\t\t\t\t\t\tdata-vbility=\"f,f,t,f\"\n\t\t\t\t\t\t\t\tdata-frame_0=\"x:-175%;o:1;\"\n\t\t\t\t\t\t\t\tdata-frame_0_mask=\"u:t;x:100%;\"\n\t\t\t\t\t\t\t\tdata-frame_1=\"e:power3.out;sp:1000;\"\n\t\t\t\t\t\t\t\tdata-frame_1_mask=\"u:t;\"\n\t\t\t\t\t\t\t\tdata-frame_999=\"o:0;st:w;sR:7000;\"\n\t\t\t\t\t\t\t\tstyle=\"z-index:9;\"\n\t\t\t\t\t\t\t><img decoding=\"async\" src=\"\/\/at-tech.srl\/wp-content\/plugins\/revslider\/sr6\/assets\/assets\/dummy.png\" alt=\"\" class=\"tp-rs-img rs-lazyload\" width=\"778\" height=\"940\" data-lazyload=\"\" data-c=\"cover-proportional\" data-no-retina> \n\t\t\t\t\t\t\t<\/rs-layer><!--\n\n\t\t\t\t\t\t\t--><rs-layer\n\t\t\t\t\t\t\t\tid=\"slider-14-slide-46-layer-16\" \n\t\t\t\t\t\t\t\tdata-type=\"image\"\n\t\t\t\t\t\t\t\tdata-rsp_ch=\"on\"\n\t\t\t\t\t\t\t\tdata-xy=\"xo:50px,50px,0,0;yo:425px,425px,0,0;\"\n\t\t\t\t\t\t\t\tdata-text=\"w:normal;\"\n\t\t\t\t\t\t\t\tdata-dim=\"w:[&#039;100%&#039;,&#039;100%&#039;,&#039;100%&#039;,&#039;100%&#039;];h:[&#039;100%&#039;,&#039;100%&#039;,&#039;100%&#039;,&#039;100%&#039;];\"\n\t\t\t\t\t\t\t\tdata-vbility=\"f,f,f,t\"\n\t\t\t\t\t\t\t\tdata-frame_0=\"x:-175%;o:1;\"\n\t\t\t\t\t\t\t\tdata-frame_0_mask=\"u:t;x:100%;\"\n\t\t\t\t\t\t\t\tdata-frame_1=\"e:power3.out;sp:1000;\"\n\t\t\t\t\t\t\t\tdata-frame_1_mask=\"u:t;\"\n\t\t\t\t\t\t\t\tdata-frame_999=\"o:0;st:w;sR:6990;\"\n\t\t\t\t\t\t\t\tstyle=\"z-index:10;\"\n\t\t\t\t\t\t\t><img decoding=\"async\" src=\"\/\/at-tech.srl\/wp-content\/plugins\/revslider\/sr6\/assets\/assets\/dummy.png\" alt=\"\" class=\"tp-rs-img rs-lazyload\" width=\"480\" height=\"700\" data-lazyload=\"\" data-c=\"cover-proportional\" data-no-retina> \n\t\t\t\t\t\t\t<\/rs-layer><!--\n\n\t\t\t\t\t\t\t--><rs-layer\n\t\t\t\t\t\t\t\tid=\"slider-14-slide-46-layer-23\" \n\t\t\t\t\t\t\t\tdata-type=\"text\"\n\t\t\t\t\t\t\t\tdata-rsp_ch=\"on\"\n\t\t\t\t\t\t\t\tdata-xy=\"x:l,l,c,c;xo:33px,33px,0,0;y:m;yo:178px,178px,-337px,-257px;\"\n\t\t\t\t\t\t\t\tdata-text=\"w:normal;s:75,75,70,45;fw:900;\"\n\t\t\t\t\t\t\t\tdata-padding=\"t:60,60,40,30;r:60,60,40,30;b:60,60,40,30;l:60,60,40,30;\"\n\t\t\t\t\t\t\t\tdata-frame_1=\"st:500;sp:1500;sR:500;\"\n\t\t\t\t\t\t\t\tdata-frame_999=\"x:left;o:0;st:7250;sp:1500;\"\n\t\t\t\t\t\t\t\tstyle=\"z-index:12;background-color:rgba(48,64,146,0.8);font-family:'Nunito Sans';\"\n\t\t\t\t\t\t\t>AUSR\u00dcSTUNG UND GER\u00c4TSCHAFTEN \n\t\t\t\t\t\t\t<\/rs-layer><!--\n-->\t\t\t\t\t<\/rs-slide>\n\t\t\t\t\t<\/rs-slides>\n\t\t\t\t\t<rs-static-layers><!--\n\t\t\t\t\t--><\/rs-static-layers>\n\t\t\t\t<\/rs-module>\n\t\t\t\t<script>\n\t\t\t\t\tsetREVStartSize({c: 'rev_slider_14_1',rl:[1240,1024,778,480],el:[576,840,940,700],gw:[1920,1920,778,480],gh:[576,576,940,700],type:'standard',justify:'',layout:'fullwidth',mh:\"0\"});if (window.RS_MODULES!==undefined && window.RS_MODULES.modules!==undefined && window.RS_MODULES.modules[\"revslider141\"]!==undefined) {window.RS_MODULES.modules[\"revslider141\"].once = false;window.revapi14 = undefined;if (window.RS_MODULES.checkMinimal!==undefined) window.RS_MODULES.checkMinimal()}\n\t\t\t\t<\/script>\n\t\t\t<\/rs-module-wrap>\n\t\t\t<!-- END REVOLUTION SLIDER -->\n<\/div>\n<h1>\n<p style=\"font-size:30px;\">AUSR\u00dcSTUNG UND GER\u00c4TSCHAFTEN<\/p>\n<\/h1>\n<div>\n<p>        <img decoding=\"async\" src=\"\/wp-content\/uploads\/attrezzaggi-3.jpg\" alt=\"\"><\/p>\n<h3>WIR KONSTRUIEREN UND BAUEN SPEZIELLE PRODUKTIONSAUSR\u00dcSTUNGEN WIE Z.\u00a0B.:<\/h3>\n<div>\n<ul style=\"font-size: 14px; line-height: 180%;\">\n<li>Mechanische und hydraulische Spannmasken f\u00fcr Bearbeitungszentren aller Art.<\/li>\n<li>Hilfsmittel zur Erleichterung manueller T\u00e4tigkeiten.<\/li>\n<li>Greifersysteme f\u00fcr Roboter in Spritzgie\u00dfmaschinen.<\/li>\n<li>Versionskontrolle f\u00fcr bestehende Maschinen.<\/li>\n<li>Verbesserungen und Optimierungen an bestehenden Maschinen.<\/li>\n<li>Analysen und Sicherung bestehender Maschinen gem\u00e4\u00df der Maschinenrichtlinie.<\/li>\n<\/ul>\n<\/div>\n<\/div>\n<ul>\n<li>\n<p>        <img decoding=\"async\" src=\"\/wp-content\/uploads\/attrezzaggi-4.jpg\" alt=\"\"><\/p>\n<\/li>\n<li>\n<p>        <img decoding=\"async\" src=\"\/wp-content\/uploads\/attrezzaggi-2.jpg\" alt=\"\"><\/p>\n<\/li>\n<\/ul>\n<p><!--more--><br \/>\n<!-- {\"name\":\"Mod-02-Pagina-Automazione\",\"type\":\"layout\",\"children\":[{\"type\":\"section\",\"props\":{\"style\":\"default\",\"width\":\"expand\",\"vertical_align\":\"middle\",\"title_position\":\"top-left\",\"title_rotation\":\"left\",\"title_breakpoint\":\"xl\",\"image_position\":\"center-center\",\"padding\":\"none\"},\"children\":[{\"type\":\"row\",\"children\":[{\"type\":\"column\",\"props\":{\"image_position\":\"center-center\",\"media_overlay_gradient\":\"\",\"width_medium\":\"1-1\",\"position_sticky_breakpoint\":\"m\"},\"children\":[{\"type\":\"html\",\"props\":{\"content\":\"[rev_slider alias=\\\"tooling-de\\\"][\\\/rev_slider]\"}}]}]}]},{\"type\":\"section\",\"props\":{\"style\":\"default\",\"width\":\"default\",\"vertical_align\":\"middle\",\"title_position\":\"top-left\",\"title_rotation\":\"left\",\"title_breakpoint\":\"xl\",\"image_position\":\"center-center\",\"padding_remove_bottom\":true},\"children\":[{\"type\":\"row\",\"children\":[{\"type\":\"column\",\"props\":{\"image_position\":\"center-center\",\"media_overlay_gradient\":\"\",\"width_medium\":\"1-1\",\"position_sticky_breakpoint\":\"m\"},\"children\":[{\"type\":\"headline\",\"props\":{\"title_element\":\"h1\",\"title_style\":\"heading-small\",\"text_align\":\"center\",\"content\":\"\n\n<p style=\\\"font-size:30px;\\\">AUSR\\u00dcSTUNG UND GER\\u00c4TSCHAFTEN<\\\/p>\"}}]}]}]},{\"type\":\"section\",\"props\":{\"style\":\"default\",\"width\":\"default\",\"vertical_align\":\"middle\",\"title_position\":\"top-left\",\"title_rotation\":\"left\",\"title_breakpoint\":\"xl\",\"image_position\":\"center-center\",\"padding_remove_bottom\":true},\"children\":[{\"type\":\"row\",\"props\":{\"layout\":\"1-4,3-4\",\"column_gap\":\"small\",\"margin_remove_bottom\":true},\"children\":[{\"type\":\"column\",\"props\":{\"image_position\":\"top-right\",\"media_overlay_gradient\":\"\",\"style\":\"secondary\",\"image\":\"wp-content\\\/uploads\\\/Vettoriali-DE-ausrustung-white.svg\",\"image_height\":\"450\",\"width_medium\":\"1-4\",\"media_visibility\":\"l\",\"position_sticky_breakpoint\":\"m\"},\"children\":[]},{\"type\":\"column\",\"props\":{\"image_position\":\"center-center\",\"media_overlay_gradient\":\"\",\"width_medium\":\"3-4\",\"position_sticky_breakpoint\":\"m\"},\"children\":[{\"type\":\"panel\",\"props\":{\"link_text\":\"Read more\",\"title_hover_style\":\"reset\",\"title_element\":\"h3\",\"title_align\":\"top\",\"title_grid_width\":\"1-2\",\"title_grid_breakpoint\":\"m\",\"meta_style\":\"text-meta\",\"meta_align\":\"below-title\",\"image_align\":\"right\",\"image_grid_width\":\"1-3\",\"image_grid_breakpoint\":\"m\",\"image_svg_color\":\"emphasis\",\"link_style\":\"default\",\"margin\":\"default\",\"panel_style\":\"card-primary\",\"title_style\":\"h5\",\"title_decoration\":\"divider\",\"image\":\"wp-content\\\/uploads\\\/attrezzaggi-3.jpg\",\"title\":\"WIR KONSTRUIEREN UND BAUEN SPEZIELLE PRODUKTIONSAUSR\\u00dcSTUNGEN WIE Z.\\u00a0B.:\",\"content\":\"\n\n<ul style=\\\"font-size: 14px; line-height: 180%;\\\">\\n\n\n<li>Mechanische und hydraulische Spannmasken f\\u00fcr Bearbeitungszentren aller Art.<\\\/li>\\n\n\n<li>Hilfsmittel zur Erleichterung manueller T\\u00e4tigkeiten.<\\\/li>\\n\n\n<li>Greifersysteme f\\u00fcr Roboter in Spritzgie\\u00dfmaschinen.<\\\/li>\\n\n\n<li>Versionskontrolle f\\u00fcr bestehende Maschinen.<\\\/li>\\n\n\n<li>Verbesserungen und Optimierungen an bestehenden Maschinen.<\\\/li>\\n\n\n<li>Analysen und Sicherung bestehender Maschinen gem\\u00e4\\u00df der Maschinenrichtlinie.<\\\/li>\\n<\\\/ul>\",\"image_vertical_align\":false,\"image_svg_inline\":false,\"image_width\":\"900\",\"image_height\":\"600\",\"icon_width\":80,\"panel_padding\":\"default\",\"panel_image_no_padding\":true,\"meta_element\":\"div\",\"content_column_breakpoint\":\"m\"}},{\"type\":\"gallery\",\"props\":{\"show_title\":true,\"show_meta\":true,\"show_content\":true,\"show_link\":true,\"show_hover_image\":true,\"grid_default\":\"1\",\"grid_medium\":\"2\",\"filter_style\":\"tab\",\"filter_all\":true,\"filter_position\":\"top\",\"filter_align\":\"left\",\"filter_grid_width\":\"auto\",\"filter_grid_breakpoint\":\"m\",\"overlay_mode\":\"cover\",\"overlay_hover\":true,\"overlay_style\":\"overlay-primary\",\"text_color\":\"light\",\"overlay_position\":\"center\",\"overlay_transition\":\"fade\",\"title_element\":\"h3\",\"meta_style\":\"text-meta\",\"meta_align\":\"below-title\",\"link_text\":\"Read more\",\"link_style\":\"default\",\"text_align\":\"center\",\"margin\":\"default\",\"item_animation\":true,\"grid_column_gap\":\"small\",\"grid_small\":\"2\",\"grid_large\":\"2\",\"grid_xlarge\":\"2\",\"image_width\":\"1200\",\"image_height\":\"800\",\"parallax_easing\":\"1\",\"title_hover_style\":\"reset\",\"meta_element\":\"div\"},\"children\":[{\"type\":\"gallery_item\",\"props\":{\"image\":\"wp-content\\\/uploads\\\/attrezzaggi-4.jpg\"}},{\"type\":\"gallery_item\",\"props\":{\"image\":\"wp-content\\\/uploads\\\/attrezzaggi-2.jpg\"}}]}]}]}]},{\"type\":\"section\",\"props\":{\"style\":\"default\",\"width\":\"default\",\"vertical_align\":\"middle\",\"title_position\":\"top-left\",\"title_rotation\":\"left\",\"title_breakpoint\":\"xl\",\"image_position\":\"center-center\"},\"children\":[{\"type\":\"row\",\"children\":[{\"type\":\"column\",\"props\":{\"image_position\":\"center-center\",\"media_overlay_gradient\":\"\",\"width_medium\":\"1-1\",\"position_sticky_breakpoint\":\"m\"},\"children\":[]}]}]}],\"version\":\"3.0.9\"} --><\/p>\n","protected":false},"excerpt":{"rendered":"<p>AUSR\u00dcSTUNG UND GER\u00c4TSCHAFTEN WIR KONSTRUIEREN UND BAUEN SPEZIELLE PRODUKTIONSAUSR\u00dcSTUNGEN WIE Z.\u00a0B.: Mechanische und hydraulische Spannmasken f\u00fcr Bearbeitungszentren aller Art. Hilfsmittel zur Erleichterung manueller T\u00e4tigkeiten. Greifersysteme f\u00fcr Roboter in Spritzgie\u00dfmaschinen. Versionskontrolle f\u00fcr bestehende Maschinen. Verbesserungen und Optimierungen an bestehenden Maschinen. Analysen und Sicherung bestehender Maschinen gem\u00e4\u00df der Maschinenrichtlinie.<\/p>\n","protected":false},"author":2,"featured_media":0,"parent":0,"menu_order":0,"comment_status":"closed","ping_status":"closed","template":"","meta":{"footnotes":""},"class_list":["post-1991","page","type-page","status-publish","hentry"],"yoast_head":"<!-- This site is optimized with the Yoast SEO plugin v24.7 - https:\/\/yoast.com\/wordpress\/plugins\/seo\/ -->\n<title>AUSR\u00dcSTUNGEN - at-tech<\/title>\n<meta name=\"description\" content=\"Maschere meccaniche e idrauliche di staffaggio per centri di lavoro di qualsiasi tipo. Attrezzi di facilitazione per operazioni manuali.Sistemi di presa per robot in asservimento a presse di iniezioni. Versionamenti per macchine esistenti. Miglioramenti e ottimizzazioni di macchine esistenti.Analisi e messa in sicurezza, secondo Direttiva Macchine, di macchine esistenti.\" \/>\n<meta name=\"robots\" content=\"index, follow, max-snippet:-1, max-image-preview:large, max-video-preview:-1\" \/>\n<link rel=\"canonical\" href=\"https:\/\/at-tech.srl\/de\/ausruestungen\/\" \/>\n<meta property=\"og:locale\" content=\"de_DE\" \/>\n<meta property=\"og:type\" content=\"article\" \/>\n<meta property=\"og:title\" content=\"AUSR\u00dcSTUNGEN - at-tech\" \/>\n<meta property=\"og:description\" content=\"Maschere meccaniche e idrauliche di staffaggio per centri di lavoro di qualsiasi tipo. Attrezzi di facilitazione per operazioni manuali.Sistemi di presa per robot in asservimento a presse di iniezioni. Versionamenti per macchine esistenti. Miglioramenti e ottimizzazioni di macchine esistenti.Analisi e messa in sicurezza, secondo Direttiva Macchine, di macchine esistenti.\" \/>\n<meta property=\"og:url\" content=\"https:\/\/at-tech.srl\/de\/ausruestungen\/\" \/>\n<meta property=\"og:site_name\" content=\"at-tech\" \/>\n<meta property=\"article:modified_time\" content=\"2024-11-12T11:03:22+00:00\" \/>\n<meta name=\"twitter:card\" content=\"summary_large_image\" \/>\n<script type=\"application\/ld+json\" class=\"yoast-schema-graph\">{\"@context\":\"https:\/\/schema.org\",\"@graph\":[{\"@type\":\"WebPage\",\"@id\":\"https:\/\/at-tech.srl\/de\/ausruestungen\/\",\"url\":\"https:\/\/at-tech.srl\/de\/ausruestungen\/\",\"name\":\"AUSR\u00dcSTUNGEN - at-tech\",\"isPartOf\":{\"@id\":\"https:\/\/at-tech.srl\/de\/#website\"},\"datePublished\":\"2020-06-03T12:51:45+00:00\",\"dateModified\":\"2024-11-12T11:03:22+00:00\",\"description\":\"Maschere meccaniche e idrauliche di staffaggio per centri di lavoro di qualsiasi tipo. Attrezzi di facilitazione per operazioni manuali.Sistemi di presa per robot in asservimento a presse di iniezioni. Versionamenti per macchine esistenti. Miglioramenti e ottimizzazioni di macchine esistenti.Analisi e messa in sicurezza, secondo Direttiva Macchine, di macchine esistenti.\",\"breadcrumb\":{\"@id\":\"https:\/\/at-tech.srl\/de\/ausruestungen\/#breadcrumb\"},\"inLanguage\":\"de\",\"potentialAction\":[{\"@type\":\"ReadAction\",\"target\":[\"https:\/\/at-tech.srl\/de\/ausruestungen\/\"]}]},{\"@type\":\"BreadcrumbList\",\"@id\":\"https:\/\/at-tech.srl\/de\/ausruestungen\/#breadcrumb\",\"itemListElement\":[{\"@type\":\"ListItem\",\"position\":1,\"name\":\"Home\",\"item\":\"https:\/\/at-tech.srl\/de\/\"},{\"@type\":\"ListItem\",\"position\":2,\"name\":\"AUSR\u00dcSTUNGEN\"}]},{\"@type\":\"WebSite\",\"@id\":\"https:\/\/at-tech.srl\/de\/#website\",\"url\":\"https:\/\/at-tech.srl\/de\/\",\"name\":\"AT TECH SRL\",\"description\":\"Equipments for your Business\",\"publisher\":{\"@id\":\"https:\/\/at-tech.srl\/de\/#organization\"},\"potentialAction\":[{\"@type\":\"SearchAction\",\"target\":{\"@type\":\"EntryPoint\",\"urlTemplate\":\"https:\/\/at-tech.srl\/de\/?s={search_term_string}\"},\"query-input\":{\"@type\":\"PropertyValueSpecification\",\"valueRequired\":true,\"valueName\":\"search_term_string\"}}],\"inLanguage\":\"de\"},{\"@type\":\"Organization\",\"@id\":\"https:\/\/at-tech.srl\/de\/#organization\",\"name\":\"AT TECH SRL\",\"url\":\"https:\/\/at-tech.srl\/de\/\",\"logo\":{\"@type\":\"ImageObject\",\"inLanguage\":\"de\",\"@id\":\"https:\/\/at-tech.srl\/de\/#\/schema\/logo\/image\/\",\"url\":\"https:\/\/at-tech.srl\/wp-content\/uploads\/attech.svg\",\"contentUrl\":\"https:\/\/at-tech.srl\/wp-content\/uploads\/attech.svg\",\"width\":1,\"height\":1,\"caption\":\"AT TECH SRL\"},\"image\":{\"@id\":\"https:\/\/at-tech.srl\/de\/#\/schema\/logo\/image\/\"}}]}<\/script>\n<!-- \/ Yoast SEO plugin. -->","yoast_head_json":{"title":"AUSR\u00dcSTUNGEN - at-tech","description":"Maschere meccaniche e idrauliche di staffaggio per centri di lavoro di qualsiasi tipo. Attrezzi di facilitazione per operazioni manuali.Sistemi di presa per robot in asservimento a presse di iniezioni. Versionamenti per macchine esistenti. Miglioramenti e ottimizzazioni di macchine esistenti.Analisi e messa in sicurezza, secondo Direttiva Macchine, di macchine esistenti.","robots":{"index":"index","follow":"follow","max-snippet":"max-snippet:-1","max-image-preview":"max-image-preview:large","max-video-preview":"max-video-preview:-1"},"canonical":"https:\/\/at-tech.srl\/de\/ausruestungen\/","og_locale":"de_DE","og_type":"article","og_title":"AUSR\u00dcSTUNGEN - at-tech","og_description":"Maschere meccaniche e idrauliche di staffaggio per centri di lavoro di qualsiasi tipo. Attrezzi di facilitazione per operazioni manuali.Sistemi di presa per robot in asservimento a presse di iniezioni. Versionamenti per macchine esistenti. Miglioramenti e ottimizzazioni di macchine esistenti.Analisi e messa in sicurezza, secondo Direttiva Macchine, di macchine esistenti.","og_url":"https:\/\/at-tech.srl\/de\/ausruestungen\/","og_site_name":"at-tech","article_modified_time":"2024-11-12T11:03:22+00:00","twitter_card":"summary_large_image","schema":{"@context":"https:\/\/schema.org","@graph":[{"@type":"WebPage","@id":"https:\/\/at-tech.srl\/de\/ausruestungen\/","url":"https:\/\/at-tech.srl\/de\/ausruestungen\/","name":"AUSR\u00dcSTUNGEN - at-tech","isPartOf":{"@id":"https:\/\/at-tech.srl\/de\/#website"},"datePublished":"2020-06-03T12:51:45+00:00","dateModified":"2024-11-12T11:03:22+00:00","description":"Maschere meccaniche e idrauliche di staffaggio per centri di lavoro di qualsiasi tipo. Attrezzi di facilitazione per operazioni manuali.Sistemi di presa per robot in asservimento a presse di iniezioni. Versionamenti per macchine esistenti. Miglioramenti e ottimizzazioni di macchine esistenti.Analisi e messa in sicurezza, secondo Direttiva Macchine, di macchine esistenti.","breadcrumb":{"@id":"https:\/\/at-tech.srl\/de\/ausruestungen\/#breadcrumb"},"inLanguage":"de","potentialAction":[{"@type":"ReadAction","target":["https:\/\/at-tech.srl\/de\/ausruestungen\/"]}]},{"@type":"BreadcrumbList","@id":"https:\/\/at-tech.srl\/de\/ausruestungen\/#breadcrumb","itemListElement":[{"@type":"ListItem","position":1,"name":"Home","item":"https:\/\/at-tech.srl\/de\/"},{"@type":"ListItem","position":2,"name":"AUSR\u00dcSTUNGEN"}]},{"@type":"WebSite","@id":"https:\/\/at-tech.srl\/de\/#website","url":"https:\/\/at-tech.srl\/de\/","name":"AT TECH SRL","description":"Equipments for your Business","publisher":{"@id":"https:\/\/at-tech.srl\/de\/#organization"},"potentialAction":[{"@type":"SearchAction","target":{"@type":"EntryPoint","urlTemplate":"https:\/\/at-tech.srl\/de\/?s={search_term_string}"},"query-input":{"@type":"PropertyValueSpecification","valueRequired":true,"valueName":"search_term_string"}}],"inLanguage":"de"},{"@type":"Organization","@id":"https:\/\/at-tech.srl\/de\/#organization","name":"AT TECH SRL","url":"https:\/\/at-tech.srl\/de\/","logo":{"@type":"ImageObject","inLanguage":"de","@id":"https:\/\/at-tech.srl\/de\/#\/schema\/logo\/image\/","url":"https:\/\/at-tech.srl\/wp-content\/uploads\/attech.svg","contentUrl":"https:\/\/at-tech.srl\/wp-content\/uploads\/attech.svg","width":1,"height":1,"caption":"AT TECH SRL"},"image":{"@id":"https:\/\/at-tech.srl\/de\/#\/schema\/logo\/image\/"}}]}},"_links":{"self":[{"href":"https:\/\/at-tech.srl\/de\/wp-json\/wp\/v2\/pages\/1991","targetHints":{"allow":["GET"]}}],"collection":[{"href":"https:\/\/at-tech.srl\/de\/wp-json\/wp\/v2\/pages"}],"about":[{"href":"https:\/\/at-tech.srl\/de\/wp-json\/wp\/v2\/types\/page"}],"author":[{"embeddable":true,"href":"https:\/\/at-tech.srl\/de\/wp-json\/wp\/v2\/users\/2"}],"replies":[{"embeddable":true,"href":"https:\/\/at-tech.srl\/de\/wp-json\/wp\/v2\/comments?post=1991"}],"version-history":[{"count":4,"href":"https:\/\/at-tech.srl\/de\/wp-json\/wp\/v2\/pages\/1991\/revisions"}],"predecessor-version":[{"id":2146,"href":"https:\/\/at-tech.srl\/de\/wp-json\/wp\/v2\/pages\/1991\/revisions\/2146"}],"wp:attachment":[{"href":"https:\/\/at-tech.srl\/de\/wp-json\/wp\/v2\/media?parent=1991"}],"curies":[{"name":"wp","href":"https:\/\/api.w.org\/{rel}","templated":true}]}}