{"id":2005,"date":"2020-06-03T14:53:27","date_gmt":"2020-06-03T12:53:27","guid":{"rendered":"https:\/\/at-tech.srl\/organizzazione\/"},"modified":"2024-11-12T13:08:15","modified_gmt":"2024-11-12T11:08:15","slug":"organisation","status":"publish","type":"page","link":"https:\/\/at-tech.srl\/de\/organisation\/","title":{"rendered":"ORGANISATION"},"content":{"rendered":"<div>\n<p>    <img decoding=\"async\" src=\"\/wp-content\/uploads\/slider-01.jpg\" alt=\"\"><\/p>\n<h1>ORGANISATION<\/h1>\n<\/div>\n<h1>Unsere Struktur ist flexibel und gliedert sich in die folgenden Hauptabteilungen:<\/h1>\n<h1>KONZEPTION UND ENGINEERING<\/h1>\n<hr>\n<div>\n<p style=\"font-size:14px; text-align:justify;\">Es ist das Herzst\u00fcck unseres Unternehmens, in dem die besten L\u00f6sungen f\u00fcr die Realisierung der vom Kunden gew\u00fcnschten Automatisierung gesucht und konzipiert werden.\n<\/p>\n<\/div>\n<h1>ENTWURF UND ENTWICKLUNG<\/h1>\n<hr>\n<div>\n<p style=\"font-size:14px; text-align:justify;\">Ausgestattet mit vier hochmodernen Arbeitspl\u00e4tzen, die mit 3D-CAD und 2D-CAD ausgestattet sind, und der Abteilung, in der die Werkzeuge und Anlagen entworfen werden.\n<\/p>\n<\/div>\n<h1>PRODUKTION UND MONTAGE<\/h1>\n<hr>\n<div>\n<p style=\"font-size:14px; text-align:justify;\">Ausgestattet mit CNC-Werkzeugmaschinen mit Mehrachsen-CAM-Technologie. Wir verf\u00fcgen auch \u00fcber Draht- und Senkerodiermaschinen f\u00fcr Hartmetalle, Tangentialschleifmaschinen und W\u00e4rmebehandlungs\u00f6fen.\n<\/p>\n<\/div>\n<h1>Jeder einzelne Auftrag wird von einem Projektleiter betreut, der den gesamten Auftrag vom Entwurf bis zur Abnahme koordiniert.<\/h1>\n<div>\n<p>        <img decoding=\"async\" src=\"\/wp-content\/uploads\/Leitung.png\" alt=\"\"><\/p>\n<h3>LEITUNG<\/h3>\n<\/div>\n<p><!--more--><br \/>\n<!-- {\"type\":\"layout\",\"children\":[{\"type\":\"section\",\"props\":{\"style\":\"default\",\"width\":\"expand\",\"vertical_align\":\"middle\",\"title_position\":\"top-left\",\"title_rotation\":\"left\",\"title_breakpoint\":\"xl\",\"image_position\":\"center-center\",\"padding\":\"none\",\"animation\":\"slide-right\",\"header_transparent_noplaceholder\":false,\"preserve_color\":false,\"animation_delay\":\"200\"},\"children\":[{\"type\":\"row\",\"children\":[{\"type\":\"column\",\"props\":{\"image_position\":\"center-center\",\"media_overlay_gradient\":\"\",\"text_color\":\"light\",\"width_medium\":\"1-1\",\"position_sticky_breakpoint\":\"m\"},\"children\":[{\"type\":\"slideshow\",\"props\":{\"show_title\":true,\"show_meta\":true,\"show_content\":true,\"show_link\":true,\"show_thumbnail\":true,\"slideshow_min_height\":\"360\",\"slideshow_autoplay_pause\":false,\"nav\":\"thumbnav\",\"nav_position\":\"center-right\",\"nav_position_margin\":\"medium\",\"nav_align\":\"center\",\"nav_breakpoint\":\"s\",\"thumbnav_width\":\"100\",\"thumbnav_height\":\"75\",\"thumbnav_svg_color\":\"emphasis\",\"slidenav\":\"\",\"slidenav_margin\":\"medium\",\"slidenav_breakpoint\":\"s\",\"slidenav_outside_breakpoint\":\"xl\",\"overlay_position\":\"center-left\",\"overlay_animation\":\"slide-right\",\"title_element\":\"h1\",\"meta_style\":\"h5\",\"meta_align\":\"below-title\",\"link_text\":\"Read more\",\"link_style\":\"secondary\",\"margin\":\"remove-vertical\",\"slideshow_height\":\"\",\"text_color\":\"light\",\"slideshow_box_shadow\":\"\",\"slideshow_box_decoration\":\"\",\"slideshow_animation\":\"push\",\"slideshow_kenburns\":\"\",\"nav_margin\":\"\",\"nav_color\":\"\",\"slidenav_outside_color\":\"\",\"overlay_container\":\"xlarge\",\"overlay_container_padding\":\"\",\"overlay_style\":\"overlay-primary\",\"overlay_padding\":\"large\",\"overlay_width\":\"\",\"title_style\":\"heading-small\",\"meta_margin\":\"small\",\"content_style\":\"text-lead\",\"content_margin\":\"large\",\"link_size\":\"large\",\"link_margin\":\"xlarge\",\"text_align\":\"left\",\"animation\":\"parallax\",\"slideshow_autoplay\":false,\"slideshow_autoplay_interval\":\"5\",\"css\":\"\\n.uk-position-cover {\\n    transform: scale(1.00) !important;\\n}\\n\",\"image_width\":\"1920\",\"nav_vertical\":false,\"slideshow_ratio\":\"20:5\",\"overlay_parallax_x\":\"270,0,220\",\"overlay_parallax_y\":\"0,0,320\",\"parallax_easing\":\"1\",\"meta_element\":\"div\"},\"children\":[{\"type\":\"slideshow_item\",\"props\":{\"image\":\"wp-content\\\/uploads\\\/slider-01.jpg\",\"title\":\"ORGANISATION\",\"content\":\"\",\"meta\":\"\",\"link\":\"\"}}]}]}]}],\"name\":\"Mod-07-Slideshow-Pagine-Interne\"},{\"type\":\"section\",\"props\":{\"style\":\"default\",\"width\":\"default\",\"vertical_align\":\"middle\",\"title_position\":\"top-left\",\"title_rotation\":\"left\",\"title_breakpoint\":\"xl\",\"image_position\":\"center-center\",\"padding_remove_bottom\":true},\"children\":[{\"type\":\"row\",\"children\":[{\"type\":\"column\",\"props\":{\"image_position\":\"center-center\",\"media_overlay_gradient\":\"\",\"width_medium\":\"1-1\",\"position_sticky_breakpoint\":\"m\"},\"children\":[{\"type\":\"headline\",\"props\":{\"title_element\":\"h1\",\"title_style\":\"h5\",\"text_align\":\"center\",\"content\":\"Unsere Struktur ist flexibel und gliedert sich in die folgenden Hauptabteilungen:\"}}]}]}]},{\"type\":\"section\",\"props\":{\"style\":\"default\",\"width\":\"xlarge\",\"vertical_align\":\"middle\",\"title_position\":\"top-left\",\"title_rotation\":\"left\",\"title_breakpoint\":\"xl\",\"image_position\":\"center-center\",\"padding\":\"large\",\"animation\":\"slide-right-medium\",\"padding_remove_bottom\":true},\"children\":[{\"type\":\"row\",\"props\":{\"layout\":\"1-4,3-4\",\"column_gap\":\"small\"},\"children\":[{\"type\":\"column\",\"props\":{\"image_position\":\"top-right\",\"media_overlay_gradient\":\"\",\"style\":\"secondary\",\"image\":\"wp-content\\\/uploads\\\/Vettoriali-DE-organization-white.svg\",\"image_height\":\"550\",\"width_medium\":\"1-4\",\"media_visibility\":\"l\",\"position_sticky_breakpoint\":\"m\"},\"children\":[]},{\"type\":\"column\",\"props\":{\"image_position\":\"center-center\",\"media_overlay_gradient\":\"\",\"width_medium\":\"3-4\",\"position_sticky_breakpoint\":\"m\"},\"children\":[{\"type\":\"headline\",\"props\":{\"title_element\":\"h1\",\"title_style\":\"h4\",\"margin\":\"default\",\"maxwidth\":\"2xlarge\",\"block_align\":\"center\",\"content\":\"KONZEPTION UND ENGINEERING\",\"margin_remove_bottom\":true},\"name\":\"IDEAZIONE ED INGEGNERIZZAZIONE\"},{\"type\":\"divider\",\"props\":{\"divider_element\":\"hr\",\"divider_style\":\"\",\"divider_align\":\"\",\"divider_align_breakpoint\":\"\",\"divider_align_fallback\":\"\",\"margin\":\"small\",\"maxwidth\":\"2xlarge\",\"block_align\":\"center\",\"margin_remove_bottom\":true}},{\"type\":\"text\",\"props\":{\"margin\":\"small\",\"column_breakpoint\":\"m\",\"maxwidth\":\"2xlarge\",\"block_align\":\"center\",\"margin_remove_bottom\":true,\"content\":\"\n\n<p style=\\\"font-size:14px; text-align:justify;\\\">Es ist das Herzst\\u00fcck unseres Unternehmens, in dem die besten L\\u00f6sungen f\\u00fcr die Realisierung der vom Kunden gew\\u00fcnschten Automatisierung gesucht und konzipiert werden.\\n<\\\/p>\"},\"name\":\"E' il cuore della nostra\"},{\"type\":\"headline\",\"props\":{\"title_element\":\"h1\",\"title_style\":\"h4\",\"margin\":\"default\",\"maxwidth\":\"2xlarge\",\"block_align\":\"center\",\"content\":\"ENTWURF UND ENTWICKLUNG\",\"margin_remove_bottom\":true},\"name\":\"PROGETTAZIONE E SVILUPPO\"},{\"type\":\"divider\",\"props\":{\"divider_element\":\"hr\",\"divider_style\":\"\",\"divider_align\":\"\",\"divider_align_breakpoint\":\"\",\"divider_align_fallback\":\"\",\"margin\":\"small\",\"maxwidth\":\"2xlarge\",\"block_align\":\"center\",\"margin_remove_bottom\":true}},{\"type\":\"text\",\"props\":{\"margin\":\"small\",\"column_breakpoint\":\"m\",\"maxwidth\":\"2xlarge\",\"block_align\":\"center\",\"margin_remove_bottom\":true,\"content\":\"\n\n<p style=\\\"font-size:14px; text-align:justify;\\\">Ausgestattet mit vier hochmodernen Arbeitspl\\u00e4tzen, die mit 3D-CAD und 2D-CAD ausgestattet sind, und der Abteilung, in der die Werkzeuge und Anlagen entworfen werden.\\n<\\\/p>\"},\"name\":\"Attrezzato con quattro postazioni\"},{\"type\":\"headline\",\"props\":{\"title_element\":\"h1\",\"title_style\":\"h4\",\"margin\":\"default\",\"maxwidth\":\"2xlarge\",\"block_align\":\"center\",\"content\":\"PRODUKTION UND MONTAGE\",\"margin_remove_bottom\":true},\"name\":\"PRODUZIONE E MONTAGGIO\"},{\"type\":\"divider\",\"props\":{\"divider_element\":\"hr\",\"divider_style\":\"\",\"divider_align\":\"\",\"divider_align_breakpoint\":\"\",\"divider_align_fallback\":\"\",\"margin\":\"small\",\"maxwidth\":\"2xlarge\",\"block_align\":\"center\",\"margin_remove_bottom\":true}},{\"type\":\"text\",\"props\":{\"margin\":\"small\",\"column_breakpoint\":\"m\",\"maxwidth\":\"2xlarge\",\"block_align\":\"center\",\"margin_remove_bottom\":true,\"content\":\"\n\n<p style=\\\"font-size:14px; text-align:justify;\\\">Ausgestattet mit CNC-Werkzeugmaschinen mit Mehrachsen-CAM-Technologie. Wir verf\\u00fcgen auch \\u00fcber Draht- und Senkerodiermaschinen f\\u00fcr Hartmetalle, Tangentialschleifmaschinen und W\\u00e4rmebehandlungs\\u00f6fen.\\n<\\\/p>\"},\"name\":\"Attrezzato con quattro postazioni\"},{\"type\":\"headline\",\"props\":{\"title_element\":\"h1\",\"title_style\":\"h5\",\"margin\":\"default\",\"maxwidth\":\"2xlarge\",\"block_align\":\"center\",\"text_align\":\"left\",\"content\":\"Jeder einzelne Auftrag wird von einem Projektleiter betreut, der den gesamten Auftrag vom Entwurf bis zur Abnahme koordiniert.\"}},{\"type\":\"overlay\",\"props\":{\"link_text\":\"Read more\",\"overlay_mode\":\"cover\",\"overlay_hover\":true,\"overlay_style\":\"overlay-primary\",\"text_color\":\"light\",\"overlay_position\":\"center\",\"overlay_transition\":\"fade\",\"title_element\":\"h3\",\"meta_style\":\"text-meta\",\"meta_align\":\"below-title\",\"link_style\":\"default\",\"text_align\":\"center\",\"margin\":\"medium\",\"image\":\"wp-content\\\/uploads\\\/Leitung.png\",\"image_width\":\"2000\",\"image_height\":\"1000\",\"title\":\"LEITUNG\",\"title_hover_style\":\"reset\",\"meta_element\":\"div\"}}]}]}]},{\"type\":\"section\",\"props\":{\"style\":\"default\",\"width\":\"default\",\"vertical_align\":\"middle\",\"title_position\":\"top-left\",\"title_rotation\":\"left\",\"title_breakpoint\":\"xl\",\"image_position\":\"center-center\"},\"children\":[{\"type\":\"row\",\"children\":[{\"type\":\"column\",\"props\":{\"image_position\":\"center-center\",\"media_overlay_gradient\":\"\",\"width_medium\":\"1-1\",\"position_sticky_breakpoint\":\"m\"},\"children\":[]}]}]}],\"version\":\"3.0.9\"} --><\/p>\n","protected":false},"excerpt":{"rendered":"<p>ORGANISATION Unsere Struktur ist flexibel und gliedert sich in die folgenden Hauptabteilungen: KONZEPTION UND ENGINEERING Es ist das Herzst\u00fcck unseres Unternehmens, in dem die besten L\u00f6sungen f\u00fcr die Realisierung der vom Kunden gew\u00fcnschten Automatisierung gesucht und konzipiert werden. ENTWURF UND ENTWICKLUNG Ausgestattet mit vier hochmodernen Arbeitspl\u00e4tzen, die mit 3D-CAD und 2D-CAD ausgestattet sind, und der [&hellip;]<\/p>\n","protected":false},"author":2,"featured_media":0,"parent":0,"menu_order":0,"comment_status":"closed","ping_status":"closed","template":"","meta":{"footnotes":""},"class_list":["post-2005","page","type-page","status-publish","hentry"],"yoast_head":"<!-- This site is optimized with the Yoast SEO plugin v24.7 - https:\/\/yoast.com\/wordpress\/plugins\/seo\/ -->\n<title>ORGANISATION - at-tech<\/title>\n<meta name=\"description\" content=\"La nostra struttura \u00e8 agile e suddivisa nei seguenti reparti principali: IDEAZIONE ED INGEGNERIZZAZIONE, PROGETTAZIONE E SVILUPPO, PRODUZIONE E MONTAGGIO\" \/>\n<meta name=\"robots\" content=\"index, follow, max-snippet:-1, max-image-preview:large, max-video-preview:-1\" \/>\n<link rel=\"canonical\" href=\"https:\/\/at-tech.srl\/de\/organisation\/\" \/>\n<meta property=\"og:locale\" content=\"de_DE\" \/>\n<meta property=\"og:type\" content=\"article\" \/>\n<meta property=\"og:title\" content=\"ORGANISATION - at-tech\" \/>\n<meta property=\"og:description\" content=\"La nostra struttura \u00e8 agile e suddivisa nei seguenti reparti principali: IDEAZIONE ED INGEGNERIZZAZIONE, PROGETTAZIONE E SVILUPPO, PRODUZIONE E MONTAGGIO\" \/>\n<meta property=\"og:url\" content=\"https:\/\/at-tech.srl\/de\/organisation\/\" \/>\n<meta property=\"og:site_name\" content=\"at-tech\" \/>\n<meta property=\"article:modified_time\" content=\"2024-11-12T11:08:15+00:00\" \/>\n<meta name=\"twitter:card\" content=\"summary_large_image\" \/>\n<meta name=\"twitter:label1\" content=\"Gesch\u00e4tzte Lesezeit\" \/>\n\t<meta name=\"twitter:data1\" content=\"1\u00a0Minute\" \/>\n<script type=\"application\/ld+json\" class=\"yoast-schema-graph\">{\"@context\":\"https:\/\/schema.org\",\"@graph\":[{\"@type\":\"WebPage\",\"@id\":\"https:\/\/at-tech.srl\/de\/organisation\/\",\"url\":\"https:\/\/at-tech.srl\/de\/organisation\/\",\"name\":\"ORGANISATION - at-tech\",\"isPartOf\":{\"@id\":\"https:\/\/at-tech.srl\/de\/#website\"},\"datePublished\":\"2020-06-03T12:53:27+00:00\",\"dateModified\":\"2024-11-12T11:08:15+00:00\",\"description\":\"La nostra struttura \u00e8 agile e suddivisa nei seguenti reparti principali: IDEAZIONE ED INGEGNERIZZAZIONE, PROGETTAZIONE E SVILUPPO, PRODUZIONE E MONTAGGIO\",\"breadcrumb\":{\"@id\":\"https:\/\/at-tech.srl\/de\/organisation\/#breadcrumb\"},\"inLanguage\":\"de\",\"potentialAction\":[{\"@type\":\"ReadAction\",\"target\":[\"https:\/\/at-tech.srl\/de\/organisation\/\"]}]},{\"@type\":\"BreadcrumbList\",\"@id\":\"https:\/\/at-tech.srl\/de\/organisation\/#breadcrumb\",\"itemListElement\":[{\"@type\":\"ListItem\",\"position\":1,\"name\":\"Home\",\"item\":\"https:\/\/at-tech.srl\/de\/\"},{\"@type\":\"ListItem\",\"position\":2,\"name\":\"ORGANISATION\"}]},{\"@type\":\"WebSite\",\"@id\":\"https:\/\/at-tech.srl\/de\/#website\",\"url\":\"https:\/\/at-tech.srl\/de\/\",\"name\":\"AT TECH SRL\",\"description\":\"Equipments for your Business\",\"publisher\":{\"@id\":\"https:\/\/at-tech.srl\/de\/#organization\"},\"potentialAction\":[{\"@type\":\"SearchAction\",\"target\":{\"@type\":\"EntryPoint\",\"urlTemplate\":\"https:\/\/at-tech.srl\/de\/?s={search_term_string}\"},\"query-input\":{\"@type\":\"PropertyValueSpecification\",\"valueRequired\":true,\"valueName\":\"search_term_string\"}}],\"inLanguage\":\"de\"},{\"@type\":\"Organization\",\"@id\":\"https:\/\/at-tech.srl\/de\/#organization\",\"name\":\"AT TECH SRL\",\"url\":\"https:\/\/at-tech.srl\/de\/\",\"logo\":{\"@type\":\"ImageObject\",\"inLanguage\":\"de\",\"@id\":\"https:\/\/at-tech.srl\/de\/#\/schema\/logo\/image\/\",\"url\":\"https:\/\/at-tech.srl\/wp-content\/uploads\/attech.svg\",\"contentUrl\":\"https:\/\/at-tech.srl\/wp-content\/uploads\/attech.svg\",\"width\":1,\"height\":1,\"caption\":\"AT TECH SRL\"},\"image\":{\"@id\":\"https:\/\/at-tech.srl\/de\/#\/schema\/logo\/image\/\"}}]}<\/script>\n<!-- \/ Yoast SEO plugin. -->","yoast_head_json":{"title":"ORGANISATION - at-tech","description":"La nostra struttura \u00e8 agile e suddivisa nei seguenti reparti principali: IDEAZIONE ED INGEGNERIZZAZIONE, PROGETTAZIONE E SVILUPPO, PRODUZIONE E MONTAGGIO","robots":{"index":"index","follow":"follow","max-snippet":"max-snippet:-1","max-image-preview":"max-image-preview:large","max-video-preview":"max-video-preview:-1"},"canonical":"https:\/\/at-tech.srl\/de\/organisation\/","og_locale":"de_DE","og_type":"article","og_title":"ORGANISATION - at-tech","og_description":"La nostra struttura \u00e8 agile e suddivisa nei seguenti reparti principali: IDEAZIONE ED INGEGNERIZZAZIONE, PROGETTAZIONE E SVILUPPO, PRODUZIONE E MONTAGGIO","og_url":"https:\/\/at-tech.srl\/de\/organisation\/","og_site_name":"at-tech","article_modified_time":"2024-11-12T11:08:15+00:00","twitter_card":"summary_large_image","twitter_misc":{"Gesch\u00e4tzte Lesezeit":"1\u00a0Minute"},"schema":{"@context":"https:\/\/schema.org","@graph":[{"@type":"WebPage","@id":"https:\/\/at-tech.srl\/de\/organisation\/","url":"https:\/\/at-tech.srl\/de\/organisation\/","name":"ORGANISATION - at-tech","isPartOf":{"@id":"https:\/\/at-tech.srl\/de\/#website"},"datePublished":"2020-06-03T12:53:27+00:00","dateModified":"2024-11-12T11:08:15+00:00","description":"La nostra struttura \u00e8 agile e suddivisa nei seguenti reparti principali: IDEAZIONE ED INGEGNERIZZAZIONE, PROGETTAZIONE E SVILUPPO, PRODUZIONE E MONTAGGIO","breadcrumb":{"@id":"https:\/\/at-tech.srl\/de\/organisation\/#breadcrumb"},"inLanguage":"de","potentialAction":[{"@type":"ReadAction","target":["https:\/\/at-tech.srl\/de\/organisation\/"]}]},{"@type":"BreadcrumbList","@id":"https:\/\/at-tech.srl\/de\/organisation\/#breadcrumb","itemListElement":[{"@type":"ListItem","position":1,"name":"Home","item":"https:\/\/at-tech.srl\/de\/"},{"@type":"ListItem","position":2,"name":"ORGANISATION"}]},{"@type":"WebSite","@id":"https:\/\/at-tech.srl\/de\/#website","url":"https:\/\/at-tech.srl\/de\/","name":"AT TECH SRL","description":"Equipments for your Business","publisher":{"@id":"https:\/\/at-tech.srl\/de\/#organization"},"potentialAction":[{"@type":"SearchAction","target":{"@type":"EntryPoint","urlTemplate":"https:\/\/at-tech.srl\/de\/?s={search_term_string}"},"query-input":{"@type":"PropertyValueSpecification","valueRequired":true,"valueName":"search_term_string"}}],"inLanguage":"de"},{"@type":"Organization","@id":"https:\/\/at-tech.srl\/de\/#organization","name":"AT TECH SRL","url":"https:\/\/at-tech.srl\/de\/","logo":{"@type":"ImageObject","inLanguage":"de","@id":"https:\/\/at-tech.srl\/de\/#\/schema\/logo\/image\/","url":"https:\/\/at-tech.srl\/wp-content\/uploads\/attech.svg","contentUrl":"https:\/\/at-tech.srl\/wp-content\/uploads\/attech.svg","width":1,"height":1,"caption":"AT TECH SRL"},"image":{"@id":"https:\/\/at-tech.srl\/de\/#\/schema\/logo\/image\/"}}]}},"_links":{"self":[{"href":"https:\/\/at-tech.srl\/de\/wp-json\/wp\/v2\/pages\/2005","targetHints":{"allow":["GET"]}}],"collection":[{"href":"https:\/\/at-tech.srl\/de\/wp-json\/wp\/v2\/pages"}],"about":[{"href":"https:\/\/at-tech.srl\/de\/wp-json\/wp\/v2\/types\/page"}],"author":[{"embeddable":true,"href":"https:\/\/at-tech.srl\/de\/wp-json\/wp\/v2\/users\/2"}],"replies":[{"embeddable":true,"href":"https:\/\/at-tech.srl\/de\/wp-json\/wp\/v2\/comments?post=2005"}],"version-history":[{"count":4,"href":"https:\/\/at-tech.srl\/de\/wp-json\/wp\/v2\/pages\/2005\/revisions"}],"predecessor-version":[{"id":2168,"href":"https:\/\/at-tech.srl\/de\/wp-json\/wp\/v2\/pages\/2005\/revisions\/2168"}],"wp:attachment":[{"href":"https:\/\/at-tech.srl\/de\/wp-json\/wp\/v2\/media?parent=2005"}],"curies":[{"name":"wp","href":"https:\/\/api.w.org\/{rel}","templated":true}]}}