{"id":2009,"date":"2020-06-03T14:54:12","date_gmt":"2020-06-03T12:54:12","guid":{"rendered":"https:\/\/at-tech.srl\/chi-siamo\/"},"modified":"2024-11-12T13:09:14","modified_gmt":"2024-11-12T11:09:14","slug":"ueber-uns","status":"publish","type":"page","link":"https:\/\/at-tech.srl\/de\/ueber-uns\/","title":{"rendered":"\u00dcBER UNS"},"content":{"rendered":"<div>\n<p>    <img decoding=\"async\" src=\"\/wp-content\/uploads\/slider-01.jpg\" alt=\"\"><\/p>\n<h1>\u00dcBER UNS<\/h1>\n<p>Attrezzeria Trentina wurde 1978 gegr\u00fcndet<\/p>\n<\/div>\n<h1>Profitieren Sie von unserer Erfahrung.<\/h1>\n<div>\n<p style=\"font-size: 14px; text-align: justify;\">Das Unternehmen Attrezzeria Trentina ist 1978 aus der Erfahrung der beiden Gr\u00fcndungsgesellschafter als Handwerksbetrieb f\u00fcr den Bau von Werkzeugen f\u00fcr die Blechbearbeitung entstanden und hat in den ersten Jahren eine beachtliche Erfahrung in diesem Bereich gesammelt.<\/p>\n<p>In den achtziger Jahren ergab sich die Gelegenheit zum Bau von Produktionslinien f\u00fcr T\u00fcren und Tore aus Blech, was uns in den folgenden Jahren zur Entwicklung von automatischen Linien und Maschinen f\u00fcr die unterschiedlichsten und komplexesten Anwendungen in verschiedenen Produktbereichen anregte. Diese umfangreiche Erfahrung hat es uns erm\u00f6glicht, ein fundiertes Know-how bei der L\u00f6sung von Produktionsproblemen zu entwickeln und so die Palette der ma\u00dfgeschneiderten Ausr\u00fcstungsl\u00f6sungen, die wir unseren Kunden anbieten k\u00f6nnen, erheblich zu erweitern.<\/p>\n<p style=\"font-size: 14px; text-align: justify;\">Heute sind wir in der Lage, hochmoderne und leistungsf\u00e4hige automatische Maschinen zu entwickeln und herzustellen. Gleichzeitig fertigen wir weiterhin Werkzeuge f\u00fcr die Herstellung einer Vielzahl von Blechprodukten, einschlie\u00dflich dicker Bleche. H\u00e4ufig k\u00f6nnen wir auch eine Kombination beider Produkte anbieten, indem wir Maschinen f\u00fcr die Automatisierung industrieller Prozesse mit Umform- und Pressvorg\u00e4ngen fertigen.<\/p>\n<p>\nMittlerweile k\u00f6nnen wir zahlreiche Referenzen in Italien vorweisen, aber auch auf dem Auslandsmarkt konnten wir Fu\u00df fassen und haben wichtige internationale Referenzen mit Kunden in Deutschland, \u00d6sterreich, Polen, Indien und den USA.<\/p>\n<p>\nVor kurzem hat Attrezzeria Trentina seinen Namen in AT Tech ge\u00e4ndert, um zu zeigen, dass sich das Unternehmen in einem Wachstumsprozess befindet, der darauf abzielt, die den Kunden angebotenen Dienstleistungen kontinuierlich zu verfeinern.<\/p><\/div>\n<ul>\n<li>\n<p>        <img decoding=\"async\" src=\"\/wp-content\/uploads\/azienda-1.jpg\" alt=\"\"><\/p>\n<h3>AT-TECH<\/h3>\n<\/li>\n<li>\n<p>        <img decoding=\"async\" src=\"\/wp-content\/uploads\/azienda-2.jpg\" alt=\"\"><\/p>\n<h3>AT-TECH<\/h3>\n<\/li>\n<\/ul>\n<p><!--more--><br \/>\n<!-- {\"type\":\"layout\",\"children\":[{\"type\":\"section\",\"props\":{\"style\":\"default\",\"width\":\"expand\",\"vertical_align\":\"middle\",\"title_position\":\"top-left\",\"title_rotation\":\"left\",\"title_breakpoint\":\"xl\",\"image_position\":\"center-center\",\"padding\":\"none\",\"animation\":\"slide-right\",\"header_transparent_noplaceholder\":false,\"preserve_color\":false,\"animation_delay\":\"200\"},\"children\":[{\"type\":\"row\",\"children\":[{\"type\":\"column\",\"props\":{\"image_position\":\"center-center\",\"media_overlay_gradient\":\"\",\"text_color\":\"light\",\"width_medium\":\"1-1\",\"position_sticky_breakpoint\":\"m\"},\"children\":[{\"type\":\"slideshow\",\"props\":{\"show_title\":true,\"show_meta\":true,\"show_content\":true,\"show_link\":true,\"show_thumbnail\":true,\"slideshow_min_height\":\"360\",\"slideshow_autoplay_pause\":false,\"nav\":\"thumbnav\",\"nav_position\":\"center-right\",\"nav_position_margin\":\"medium\",\"nav_align\":\"center\",\"nav_breakpoint\":\"s\",\"thumbnav_width\":\"100\",\"thumbnav_height\":\"75\",\"thumbnav_svg_color\":\"emphasis\",\"slidenav\":\"\",\"slidenav_margin\":\"medium\",\"slidenav_breakpoint\":\"s\",\"slidenav_outside_breakpoint\":\"xl\",\"overlay_position\":\"center-left\",\"overlay_animation\":\"slide-right\",\"title_element\":\"h1\",\"meta_style\":\"h5\",\"meta_align\":\"below-title\",\"link_text\":\"Read more\",\"link_style\":\"secondary\",\"margin\":\"remove-vertical\",\"slideshow_height\":\"\",\"text_color\":\"light\",\"slideshow_box_shadow\":\"\",\"slideshow_box_decoration\":\"\",\"slideshow_animation\":\"push\",\"slideshow_kenburns\":\"\",\"nav_margin\":\"\",\"nav_color\":\"\",\"slidenav_outside_color\":\"\",\"overlay_container\":\"xlarge\",\"overlay_container_padding\":\"\",\"overlay_style\":\"overlay-primary\",\"overlay_padding\":\"large\",\"overlay_width\":\"\",\"title_style\":\"heading-small\",\"meta_margin\":\"small\",\"content_style\":\"text-lead\",\"content_margin\":\"large\",\"link_size\":\"large\",\"link_margin\":\"xlarge\",\"text_align\":\"left\",\"animation\":\"parallax\",\"slideshow_autoplay\":false,\"slideshow_autoplay_interval\":\"5\",\"css\":\"\\n.uk-position-cover {\\n    transform: scale(1.00) !important;\\n}\\n\",\"image_width\":\"1920\",\"nav_vertical\":false,\"slideshow_ratio\":\"20:6\",\"overlay_parallax_x\":\"270,0,220\",\"overlay_parallax_y\":\"0,0,320\",\"parallax_easing\":\"1\",\"meta_element\":\"div\"},\"children\":[{\"type\":\"slideshow_item\",\"props\":{\"image\":\"wp-content\\\/uploads\\\/slider-01.jpg\",\"title\":\"\\u00dcBER UNS\",\"content\":\"\",\"meta\":\"Attrezzeria Trentina wurde 1978 gegr\\u00fcndet\",\"link\":\"\"}}]}]}]}],\"name\":\"Mod-07-Slideshow-Pagine-Interne\"},{\"type\":\"section\",\"props\":{\"style\":\"default\",\"width\":\"default\",\"vertical_align\":\"middle\",\"title_position\":\"top-left\",\"title_rotation\":\"left\",\"title_breakpoint\":\"xl\",\"image_position\":\"center-center\",\"padding\":\"large\",\"padding_remove_bottom\":false},\"children\":[{\"type\":\"row\",\"children\":[{\"type\":\"column\",\"props\":{\"image_position\":\"center-center\",\"media_overlay_gradient\":\"\",\"width_medium\":\"1-1\",\"position_sticky_breakpoint\":\"m\"},\"children\":[{\"type\":\"headline\",\"props\":{\"title_element\":\"h1\",\"title_style\":\"h1\",\"block_align\":\"center\",\"text_align\":\"center\",\"content\":\"Profitieren Sie von unserer Erfahrung.\"}}]}]}]},{\"type\":\"section\",\"props\":{\"style\":\"default\",\"width\":\"xlarge\",\"vertical_align\":\"middle\",\"title_position\":\"top-left\",\"title_rotation\":\"left\",\"title_breakpoint\":\"xl\",\"image_position\":\"center-center\",\"padding\":\"small\",\"animation\":\"slide-right-medium\",\"padding_remove_bottom\":true,\"padding_remove_top\":true},\"children\":[{\"type\":\"row\",\"props\":{\"layout\":\"1-4,3-4\",\"column_gap\":\"small\"},\"children\":[{\"type\":\"column\",\"props\":{\"image_position\":\"top-right\",\"media_overlay_gradient\":\"\",\"style\":\"secondary\",\"image\":\"wp-content\\\/uploads\\\/Vettoriali-DE-unternehmen-white.svg\",\"image_height\":\"300\",\"width_medium\":\"1-4\",\"media_visibility\":\"m\",\"position_sticky_breakpoint\":\"m\"},\"children\":[]},{\"type\":\"column\",\"props\":{\"image_position\":\"center-center\",\"media_overlay_gradient\":\"\",\"width_medium\":\"3-4\",\"position_sticky_breakpoint\":\"m\"},\"children\":[{\"type\":\"text\",\"props\":{\"margin\":\"small\",\"column_breakpoint\":\"m\",\"maxwidth\":\"2xlarge\",\"block_align\":\"center\",\"margin_remove_bottom\":true,\"content\":\"\n\n<p style=\\\"font-size: 14px; text-align: justify;\\\">Das Unternehmen Attrezzeria Trentina ist 1978 aus der Erfahrung der beiden Gr\\u00fcndungsgesellschafter als Handwerksbetrieb f\\u00fcr den Bau von Werkzeugen f\\u00fcr die Blechbearbeitung entstanden und hat in den ersten Jahren eine beachtliche Erfahrung in diesem Bereich gesammelt.<br \\\/><br \\\/>In den achtziger Jahren ergab sich die Gelegenheit zum Bau von Produktionslinien f\\u00fcr T\\u00fcren und Tore aus Blech, was uns in den folgenden Jahren zur Entwicklung von automatischen Linien und Maschinen f\\u00fcr die unterschiedlichsten und komplexesten Anwendungen in verschiedenen Produktbereichen anregte. Diese umfangreiche Erfahrung hat es uns erm\\u00f6glicht, ein fundiertes Know-how bei der L\\u00f6sung von Produktionsproblemen zu entwickeln und so die Palette der ma\\u00dfgeschneiderten Ausr\\u00fcstungsl\\u00f6sungen, die wir unseren Kunden anbieten k\\u00f6nnen, erheblich zu erweitern.<\\\/p>\\n\n\n<p style=\\\"font-size: 14px; text-align: justify;\\\">Heute sind wir in der Lage, hochmoderne und leistungsf\\u00e4hige automatische Maschinen zu entwickeln und herzustellen. Gleichzeitig fertigen wir weiterhin Werkzeuge f\\u00fcr die Herstellung einer Vielzahl von Blechprodukten, einschlie\\u00dflich dicker Bleche. H\\u00e4ufig k\\u00f6nnen wir auch eine Kombination beider Produkte anbieten, indem wir Maschinen f\\u00fcr die Automatisierung industrieller Prozesse mit Umform- und Pressvorg\\u00e4ngen fertigen.<\\\/p>\\n\n\n<p>\\nMittlerweile k\\u00f6nnen wir zahlreiche Referenzen in Italien vorweisen, aber auch auf dem Auslandsmarkt konnten wir Fu\\u00df fassen und haben wichtige internationale Referenzen mit Kunden in Deutschland, \\u00d6sterreich, Polen, Indien und den USA.\\n\n\n<p>\\nVor kurzem hat Attrezzeria Trentina seinen Namen in AT Tech ge\\u00e4ndert, um zu zeigen, dass sich das Unternehmen in einem Wachstumsprozess befindet, der darauf abzielt, die den Kunden angebotenen Dienstleistungen kontinuierlich zu verfeinern.\"},\"name\":\"Attrezzeria Trentina nasce \"},{\"type\":\"gallery\",\"props\":{\"show_title\":true,\"show_meta\":true,\"show_content\":true,\"show_link\":true,\"show_hover_image\":true,\"grid_default\":\"1\",\"grid_medium\":\"2\",\"filter_style\":\"tab\",\"filter_all\":true,\"filter_position\":\"top\",\"filter_align\":\"left\",\"filter_grid_width\":\"auto\",\"filter_grid_breakpoint\":\"m\",\"overlay_mode\":\"cover\",\"overlay_hover\":true,\"overlay_style\":\"overlay-primary\",\"text_color\":\"light\",\"overlay_position\":\"center\",\"overlay_transition\":\"fade\",\"title_element\":\"h3\",\"meta_style\":\"text-meta\",\"meta_align\":\"below-title\",\"link_text\":\"Read more\",\"link_style\":\"default\",\"text_align\":\"center\",\"margin\":\"default\",\"item_animation\":true,\"grid_column_gap\":\"small\",\"grid_row_gap\":\"small\",\"grid_small\":\"2\",\"grid_large\":\"2\",\"grid_xlarge\":\"2\",\"image_width\":\"1200\",\"image_height\":\"900\",\"parallax_easing\":\"1\",\"title_hover_style\":\"reset\",\"meta_element\":\"div\"},\"children\":[{\"type\":\"gallery_item\",\"props\":{\"image\":\"wp-content\\\/uploads\\\/azienda-1.jpg\",\"title\":\"AT-TECH\"}},{\"type\":\"gallery_item\",\"props\":{\"image\":\"wp-content\\\/uploads\\\/azienda-2.jpg\",\"title\":\"AT-TECH\"}}]}]}]}]},{\"type\":\"section\",\"props\":{\"style\":\"default\",\"width\":\"default\",\"vertical_align\":\"middle\",\"title_position\":\"top-left\",\"title_rotation\":\"left\",\"title_breakpoint\":\"xl\",\"image_position\":\"center-center\"},\"children\":[{\"type\":\"row\",\"children\":[{\"type\":\"column\",\"props\":{\"image_position\":\"center-center\",\"media_overlay_gradient\":\"\",\"width_medium\":\"1-1\",\"position_sticky_breakpoint\":\"m\"},\"children\":[]}]}]}],\"version\":\"3.0.9\"} --><\/p>\n","protected":false},"excerpt":{"rendered":"<p>\u00dcBER UNS Attrezzeria Trentina wurde 1978 gegr\u00fcndet Profitieren Sie von unserer Erfahrung. Das Unternehmen Attrezzeria Trentina ist 1978 aus der Erfahrung der beiden Gr\u00fcndungsgesellschafter als Handwerksbetrieb f\u00fcr den Bau von Werkzeugen f\u00fcr die Blechbearbeitung entstanden und hat in den ersten Jahren eine beachtliche Erfahrung in diesem Bereich gesammelt. In den achtziger Jahren ergab sich die [&hellip;]<\/p>\n","protected":false},"author":2,"featured_media":0,"parent":0,"menu_order":0,"comment_status":"closed","ping_status":"closed","template":"","meta":{"footnotes":""},"class_list":["post-2009","page","type-page","status-publish","hentry"],"yoast_head":"<!-- This site is optimized with the Yoast SEO plugin v24.7 - https:\/\/yoast.com\/wordpress\/plugins\/seo\/ -->\n<title>\u00dcBER UNS - at-tech<\/title>\n<meta name=\"description\" content=\"Attrezzeria Trentina nasce nel 1978, dall&#039;esperienza dei due soci fondatori, come azienda artigiana per la costruzione di stampi per la lavorazione della lamiera acquisendo nei primi anni di vita una esperienza notevole in questo settore. Recentemente Attrezzeria Trentina ha modificato la propria denominazione in AT Tech, una evidenza del processo di crescita aziendale volta a migliorare incessantemente i servizi offerti alla propria clientela.\" \/>\n<meta name=\"robots\" content=\"index, follow, max-snippet:-1, max-image-preview:large, max-video-preview:-1\" \/>\n<link rel=\"canonical\" href=\"https:\/\/at-tech.srl\/de\/ueber-uns\/\" \/>\n<meta property=\"og:locale\" content=\"de_DE\" \/>\n<meta property=\"og:type\" content=\"article\" \/>\n<meta property=\"og:title\" content=\"\u00dcBER UNS - at-tech\" \/>\n<meta property=\"og:description\" content=\"Attrezzeria Trentina nasce nel 1978, dall&#039;esperienza dei due soci fondatori, come azienda artigiana per la costruzione di stampi per la lavorazione della lamiera acquisendo nei primi anni di vita una esperienza notevole in questo settore. Recentemente Attrezzeria Trentina ha modificato la propria denominazione in AT Tech, una evidenza del processo di crescita aziendale volta a migliorare incessantemente i servizi offerti alla propria clientela.\" \/>\n<meta property=\"og:url\" content=\"https:\/\/at-tech.srl\/de\/ueber-uns\/\" \/>\n<meta property=\"og:site_name\" content=\"at-tech\" \/>\n<meta property=\"article:modified_time\" content=\"2024-11-12T11:09:14+00:00\" \/>\n<meta name=\"twitter:card\" content=\"summary_large_image\" \/>\n<meta name=\"twitter:label1\" content=\"Gesch\u00e4tzte Lesezeit\" \/>\n\t<meta name=\"twitter:data1\" content=\"1\u00a0Minute\" \/>\n<script type=\"application\/ld+json\" class=\"yoast-schema-graph\">{\"@context\":\"https:\/\/schema.org\",\"@graph\":[{\"@type\":\"WebPage\",\"@id\":\"https:\/\/at-tech.srl\/de\/ueber-uns\/\",\"url\":\"https:\/\/at-tech.srl\/de\/ueber-uns\/\",\"name\":\"\u00dcBER UNS - at-tech\",\"isPartOf\":{\"@id\":\"https:\/\/at-tech.srl\/de\/#website\"},\"datePublished\":\"2020-06-03T12:54:12+00:00\",\"dateModified\":\"2024-11-12T11:09:14+00:00\",\"description\":\"Attrezzeria Trentina nasce nel 1978, dall'esperienza dei due soci fondatori, come azienda artigiana per la costruzione di stampi per la lavorazione della lamiera acquisendo nei primi anni di vita una esperienza notevole in questo settore. Recentemente Attrezzeria Trentina ha modificato la propria denominazione in AT Tech, una evidenza del processo di crescita aziendale volta a migliorare incessantemente i servizi offerti alla propria clientela.\",\"breadcrumb\":{\"@id\":\"https:\/\/at-tech.srl\/de\/ueber-uns\/#breadcrumb\"},\"inLanguage\":\"de\",\"potentialAction\":[{\"@type\":\"ReadAction\",\"target\":[\"https:\/\/at-tech.srl\/de\/ueber-uns\/\"]}]},{\"@type\":\"BreadcrumbList\",\"@id\":\"https:\/\/at-tech.srl\/de\/ueber-uns\/#breadcrumb\",\"itemListElement\":[{\"@type\":\"ListItem\",\"position\":1,\"name\":\"Home\",\"item\":\"https:\/\/at-tech.srl\/de\/\"},{\"@type\":\"ListItem\",\"position\":2,\"name\":\"\u00dcBER UNS\"}]},{\"@type\":\"WebSite\",\"@id\":\"https:\/\/at-tech.srl\/de\/#website\",\"url\":\"https:\/\/at-tech.srl\/de\/\",\"name\":\"AT TECH SRL\",\"description\":\"Equipments for your Business\",\"publisher\":{\"@id\":\"https:\/\/at-tech.srl\/de\/#organization\"},\"potentialAction\":[{\"@type\":\"SearchAction\",\"target\":{\"@type\":\"EntryPoint\",\"urlTemplate\":\"https:\/\/at-tech.srl\/de\/?s={search_term_string}\"},\"query-input\":{\"@type\":\"PropertyValueSpecification\",\"valueRequired\":true,\"valueName\":\"search_term_string\"}}],\"inLanguage\":\"de\"},{\"@type\":\"Organization\",\"@id\":\"https:\/\/at-tech.srl\/de\/#organization\",\"name\":\"AT TECH SRL\",\"url\":\"https:\/\/at-tech.srl\/de\/\",\"logo\":{\"@type\":\"ImageObject\",\"inLanguage\":\"de\",\"@id\":\"https:\/\/at-tech.srl\/de\/#\/schema\/logo\/image\/\",\"url\":\"https:\/\/at-tech.srl\/wp-content\/uploads\/attech.svg\",\"contentUrl\":\"https:\/\/at-tech.srl\/wp-content\/uploads\/attech.svg\",\"width\":1,\"height\":1,\"caption\":\"AT TECH SRL\"},\"image\":{\"@id\":\"https:\/\/at-tech.srl\/de\/#\/schema\/logo\/image\/\"}}]}<\/script>\n<!-- \/ Yoast SEO plugin. -->","yoast_head_json":{"title":"\u00dcBER UNS - at-tech","description":"Attrezzeria Trentina nasce nel 1978, dall'esperienza dei due soci fondatori, come azienda artigiana per la costruzione di stampi per la lavorazione della lamiera acquisendo nei primi anni di vita una esperienza notevole in questo settore. Recentemente Attrezzeria Trentina ha modificato la propria denominazione in AT Tech, una evidenza del processo di crescita aziendale volta a migliorare incessantemente i servizi offerti alla propria clientela.","robots":{"index":"index","follow":"follow","max-snippet":"max-snippet:-1","max-image-preview":"max-image-preview:large","max-video-preview":"max-video-preview:-1"},"canonical":"https:\/\/at-tech.srl\/de\/ueber-uns\/","og_locale":"de_DE","og_type":"article","og_title":"\u00dcBER UNS - at-tech","og_description":"Attrezzeria Trentina nasce nel 1978, dall'esperienza dei due soci fondatori, come azienda artigiana per la costruzione di stampi per la lavorazione della lamiera acquisendo nei primi anni di vita una esperienza notevole in questo settore. Recentemente Attrezzeria Trentina ha modificato la propria denominazione in AT Tech, una evidenza del processo di crescita aziendale volta a migliorare incessantemente i servizi offerti alla propria clientela.","og_url":"https:\/\/at-tech.srl\/de\/ueber-uns\/","og_site_name":"at-tech","article_modified_time":"2024-11-12T11:09:14+00:00","twitter_card":"summary_large_image","twitter_misc":{"Gesch\u00e4tzte Lesezeit":"1\u00a0Minute"},"schema":{"@context":"https:\/\/schema.org","@graph":[{"@type":"WebPage","@id":"https:\/\/at-tech.srl\/de\/ueber-uns\/","url":"https:\/\/at-tech.srl\/de\/ueber-uns\/","name":"\u00dcBER UNS - at-tech","isPartOf":{"@id":"https:\/\/at-tech.srl\/de\/#website"},"datePublished":"2020-06-03T12:54:12+00:00","dateModified":"2024-11-12T11:09:14+00:00","description":"Attrezzeria Trentina nasce nel 1978, dall'esperienza dei due soci fondatori, come azienda artigiana per la costruzione di stampi per la lavorazione della lamiera acquisendo nei primi anni di vita una esperienza notevole in questo settore. Recentemente Attrezzeria Trentina ha modificato la propria denominazione in AT Tech, una evidenza del processo di crescita aziendale volta a migliorare incessantemente i servizi offerti alla propria clientela.","breadcrumb":{"@id":"https:\/\/at-tech.srl\/de\/ueber-uns\/#breadcrumb"},"inLanguage":"de","potentialAction":[{"@type":"ReadAction","target":["https:\/\/at-tech.srl\/de\/ueber-uns\/"]}]},{"@type":"BreadcrumbList","@id":"https:\/\/at-tech.srl\/de\/ueber-uns\/#breadcrumb","itemListElement":[{"@type":"ListItem","position":1,"name":"Home","item":"https:\/\/at-tech.srl\/de\/"},{"@type":"ListItem","position":2,"name":"\u00dcBER UNS"}]},{"@type":"WebSite","@id":"https:\/\/at-tech.srl\/de\/#website","url":"https:\/\/at-tech.srl\/de\/","name":"AT TECH SRL","description":"Equipments for your Business","publisher":{"@id":"https:\/\/at-tech.srl\/de\/#organization"},"potentialAction":[{"@type":"SearchAction","target":{"@type":"EntryPoint","urlTemplate":"https:\/\/at-tech.srl\/de\/?s={search_term_string}"},"query-input":{"@type":"PropertyValueSpecification","valueRequired":true,"valueName":"search_term_string"}}],"inLanguage":"de"},{"@type":"Organization","@id":"https:\/\/at-tech.srl\/de\/#organization","name":"AT TECH SRL","url":"https:\/\/at-tech.srl\/de\/","logo":{"@type":"ImageObject","inLanguage":"de","@id":"https:\/\/at-tech.srl\/de\/#\/schema\/logo\/image\/","url":"https:\/\/at-tech.srl\/wp-content\/uploads\/attech.svg","contentUrl":"https:\/\/at-tech.srl\/wp-content\/uploads\/attech.svg","width":1,"height":1,"caption":"AT TECH SRL"},"image":{"@id":"https:\/\/at-tech.srl\/de\/#\/schema\/logo\/image\/"}}]}},"_links":{"self":[{"href":"https:\/\/at-tech.srl\/de\/wp-json\/wp\/v2\/pages\/2009","targetHints":{"allow":["GET"]}}],"collection":[{"href":"https:\/\/at-tech.srl\/de\/wp-json\/wp\/v2\/pages"}],"about":[{"href":"https:\/\/at-tech.srl\/de\/wp-json\/wp\/v2\/types\/page"}],"author":[{"embeddable":true,"href":"https:\/\/at-tech.srl\/de\/wp-json\/wp\/v2\/users\/2"}],"replies":[{"embeddable":true,"href":"https:\/\/at-tech.srl\/de\/wp-json\/wp\/v2\/comments?post=2009"}],"version-history":[{"count":3,"href":"https:\/\/at-tech.srl\/de\/wp-json\/wp\/v2\/pages\/2009\/revisions"}],"predecessor-version":[{"id":2172,"href":"https:\/\/at-tech.srl\/de\/wp-json\/wp\/v2\/pages\/2009\/revisions\/2172"}],"wp:attachment":[{"href":"https:\/\/at-tech.srl\/de\/wp-json\/wp\/v2\/media?parent=2009"}],"curies":[{"name":"wp","href":"https:\/\/api.w.org\/{rel}","templated":true}]}}