{"id":2014,"date":"2020-06-03T14:55:01","date_gmt":"2020-06-03T12:55:01","guid":{"rendered":"https:\/\/at-tech.srl\/certificazioni\/"},"modified":"2024-11-06T13:44:31","modified_gmt":"2024-11-06T11:44:31","slug":"zertifizierungen","status":"publish","type":"page","link":"https:\/\/at-tech.srl\/de\/zertifizierungen\/","title":{"rendered":"ZERTIFIZIERUNGEN"},"content":{"rendered":"<div>\n<p>    <img decoding=\"async\" src=\"\/wp-content\/uploads\/cartificazioni-2.jpg\" alt=\"\"><\/p>\n<h1>ZERTIFIZIERUNGEN<\/h1>\n<\/div>\n<div>\n<p>        <img decoding=\"async\" src=\"https:\/\/at-tech.srl\/wp-content\/uploads\/iso-logo-black-and-white-150.png\" alt=\"\"><\/p>\n<h3>ISO 9001<br \/> Qualit\u00e4t<\/h3>\n<div>\n<p><a href=\"https:\/\/at-tech.srl\/wp-content\/uploads\/AT-TECH-Certificato-IQNET-10-Nr.-IT-3934-exp-11-07-2024.pdf\" target=\"_blank\" rel=\"noopener\" data-wplink-url-error=\"true\">IQ NET 9001:2015<\/a><\/p>\n<p><a href=\"https:\/\/at-tech.srl\/wp-content\/uploads\/AT-TECH-Certificato-ICIM-ISO-9001-2015-Nr.-0859-9-exp-11-07-2024.pdf\" target=\"_blank\" rel=\"noopener\" data-wplink-url-error=\"true\">ICIM 9001:2015<\/a><\/p>\n<\/div>\n<\/div>\n<div>\n<p>        <img decoding=\"async\" src=\"https:\/\/at-tech.srl\/wp-content\/uploads\/iso-logo-black-and-white-150.png\" alt=\"\"><\/p>\n<h3>ISO 14001<br \/>Umwelt<\/h3>\n<div>\n<p>in der Zertifizierungsphase<\/p>\n<\/div>\n<\/div>\n<div>\n<p>        <img decoding=\"async\" src=\"https:\/\/at-tech.srl\/wp-content\/uploads\/iso-logo-black-and-white-150.png\" alt=\"\"><\/p>\n<h3>ISO 45001<br \/> Sicherheit und Gesundheit am Arbeitsplatz<\/h3>\n<div>\n<p>in der Zertifizierungsphase<\/p>\n<\/div>\n<\/div>\n<div>\n<p>        <img decoding=\"async\" src=\"https:\/\/at-tech.srl\/wp-content\/uploads\/iso-logo-black-and-white-150.png\" alt=\"\"><\/p>\n<h3>Organisationsmodell 231<\/h3>\n<div>\n<p>In der ersten H\u00e4lfte des Jahres 2023 hat das Unternehmen ein Organisationsmodell f\u00fcr die Verwaltung und Kontrolle gem\u00e4\u00df dem Gesetzesdekret 231\/2001 eingef\u00fchrt und sich mit einem Ethikkodex ausgestattet, der mit allen Mitarbeitern und Lieferanten geteilt wird, sowie mit einem \u00dcberwachungsorgan<\/p>\n<\/div>\n<\/div>\n<div>\n<a href=\"https:\/\/at-tech.srl\/wp-content\/uploads\/MOGC-AT.pdf\" class=\"pdfemb-viewer\" style=\"\" data-width=\"max\" data-height=\"max\" data-toolbar=\"bottom\" data-toolbar-fixed=\"off\">MOGC-AT<\/a>\n<\/div>\n<div>\n<a href=\"https:\/\/at-tech.srl\/wp-content\/uploads\/AT-TECH-Codice-Etico.pdf\" class=\"pdfemb-viewer\" style=\"\" data-width=\"max\" data-height=\"max\" data-toolbar=\"bottom\" data-toolbar-fixed=\"off\">AT-TECH-Codice-Etico<\/a>\n<\/div>\n<p><!--more--><br \/>\n<!-- {\"type\":\"layout\",\"children\":[{\"type\":\"section\",\"props\":{\"style\":\"default\",\"width\":\"expand\",\"vertical_align\":\"middle\",\"title_position\":\"top-left\",\"title_rotation\":\"left\",\"title_breakpoint\":\"xl\",\"image_position\":\"center-center\",\"padding\":\"none\",\"animation\":\"slide-right\",\"header_transparent_noplaceholder\":false,\"preserve_color\":false,\"animation_delay\":\"200\"},\"children\":[{\"type\":\"row\",\"children\":[{\"type\":\"column\",\"props\":{\"image_position\":\"center-center\",\"media_overlay_gradient\":\"\",\"text_color\":\"light\",\"width_medium\":\"1-1\",\"position_sticky_breakpoint\":\"m\"},\"children\":[{\"type\":\"slideshow\",\"props\":{\"show_title\":true,\"show_meta\":true,\"show_content\":true,\"show_link\":true,\"show_thumbnail\":true,\"slideshow_min_height\":\"360\",\"slideshow_autoplay_pause\":false,\"nav\":\"\",\"nav_position\":\"center-right\",\"nav_position_margin\":\"medium\",\"nav_align\":\"center\",\"nav_breakpoint\":\"s\",\"thumbnav_width\":\"100\",\"thumbnav_height\":\"75\",\"thumbnav_svg_color\":\"emphasis\",\"slidenav\":\"\",\"slidenav_margin\":\"medium\",\"slidenav_breakpoint\":\"s\",\"slidenav_outside_breakpoint\":\"xl\",\"overlay_position\":\"center-right\",\"overlay_animation\":\"slide-right\",\"title_element\":\"h1\",\"meta_style\":\"h5\",\"meta_align\":\"below-title\",\"link_text\":\"Read more\",\"link_style\":\"secondary\",\"margin\":\"remove-vertical\",\"slideshow_height\":\"\",\"text_color\":\"light\",\"slideshow_box_shadow\":\"\",\"slideshow_box_decoration\":\"\",\"slideshow_animation\":\"push\",\"slideshow_kenburns\":\"\",\"nav_margin\":\"\",\"nav_color\":\"\",\"slidenav_outside_color\":\"\",\"overlay_container\":\"xlarge\",\"overlay_container_padding\":\"\",\"overlay_style\":\"overlay-primary\",\"overlay_padding\":\"large\",\"overlay_width\":\"\",\"title_style\":\"heading-small\",\"meta_margin\":\"small\",\"content_style\":\"text-lead\",\"content_margin\":\"large\",\"link_size\":\"large\",\"link_margin\":\"xlarge\",\"text_align\":\"left\",\"animation\":\"parallax\",\"slideshow_autoplay\":false,\"slideshow_autoplay_interval\":\"5\",\"css\":\"\\n.uk-position-cover {\\n    transform: scale(1.00) !important;\\n}\\n\",\"image_width\":\"1920\",\"nav_vertical\":false,\"slideshow_ratio\":\"20:6\",\"overlay_parallax_x\":\"270,0,220\",\"overlay_parallax_y\":\"0,0,320\",\"parallax_easing\":\"1\",\"meta_element\":\"div\"},\"children\":[{\"type\":\"slideshow_item\",\"props\":{\"image\":\"wp-content\\\/uploads\\\/cartificazioni-2.jpg\",\"title\":\"ZERTIFIZIERUNGEN\",\"content\":\"\",\"meta\":\"\",\"link\":\"\"}}]}]}]}],\"name\":\"mod-09-slider\"},{\"type\":\"section\",\"props\":{\"style\":\"default\",\"width\":\"default\",\"vertical_align\":\"middle\",\"title_position\":\"top-left\",\"title_rotation\":\"left\",\"title_breakpoint\":\"xl\",\"image_position\":\"center-center\",\"padding\":\"large\",\"padding_remove_bottom\":true},\"children\":[{\"type\":\"row\",\"props\":{\"layout\":\"1-3,1-3,1-3\",\"column_gap\":\"small\",\"match\":true},\"children\":[{\"type\":\"column\",\"props\":{\"image_position\":\"center-center\",\"media_overlay_gradient\":\"\",\"width_medium\":\"1-3\",\"position_sticky_breakpoint\":\"m\"},\"children\":[{\"type\":\"panel\",\"props\":{\"link_text\":\"Apri\",\"title_hover_style\":\"reset\",\"title_element\":\"h3\",\"title_align\":\"top\",\"title_grid_width\":\"1-2\",\"title_grid_breakpoint\":\"m\",\"meta_style\":\"text-meta\",\"meta_align\":\"below-title\",\"image_align\":\"top\",\"image_grid_width\":\"1-2\",\"image_grid_breakpoint\":\"m\",\"image_svg_color\":\"emphasis\",\"link_style\":\"danger\",\"margin\":\"default\",\"panel_style\":\"card-default\",\"title_style\":\"h5\",\"link_size\":\"small\",\"text_align\":\"center\",\"title\":\"ISO 9001<br \/> Qualit\\u00e4t\",\"image\":\"https:\\\/\\\/at-tech.srlwp-content\\\/uploads\\\/iso-logo-black-and-white-150.png\",\"link\":\"\",\"image_width\":\"100\",\"content\":\"\n\n<p><a href=\\\"https:\\\/\\\/at-tech.srl\\\/wp-content\\\/uploads\\\/AT-TECH-Certificato-IQNET-10-Nr.-IT-3934-exp-11-07-2024.pdf\\\" target=\\\"_blank\\\" rel=\\\"noopener\\\" data-wplink-url-error=\\\"true\\\">IQ NET 9001:2015<\\\/a><\\\/p>\\n\n\n<p><a href=\\\"https:\\\/\\\/at-tech.srl\\\/wp-content\\\/uploads\\\/AT-TECH-Certificato-ICIM-ISO-9001-2015-Nr.-0859-9-exp-11-07-2024.pdf\\\" target=\\\"_blank\\\" rel=\\\"noopener\\\" data-wplink-url-error=\\\"true\\\">ICIM 9001:2015<\\\/a><\\\/p>\",\"icon_width\":80,\"panel_padding\":\"default\",\"panel_image_no_padding\":false,\"meta_element\":\"div\",\"content_column_breakpoint\":\"m\"}}]},{\"type\":\"column\",\"props\":{\"image_position\":\"center-center\",\"media_overlay_gradient\":\"\",\"width_medium\":\"1-3\",\"position_sticky_breakpoint\":\"m\"},\"children\":[{\"type\":\"panel\",\"props\":{\"link_text\":\"Apri\",\"title_hover_style\":\"reset\",\"title_element\":\"h3\",\"title_align\":\"top\",\"title_grid_width\":\"1-2\",\"title_grid_breakpoint\":\"m\",\"meta_style\":\"text-meta\",\"meta_align\":\"below-title\",\"image_align\":\"top\",\"image_grid_width\":\"1-2\",\"image_grid_breakpoint\":\"m\",\"image_svg_color\":\"emphasis\",\"link_style\":\"danger\",\"margin\":\"default\",\"panel_style\":\"card-default\",\"title_style\":\"h5\",\"link_size\":\"small\",\"text_align\":\"center\",\"title\":\"ISO 14001<br \/>Umwelt\",\"image\":\"https:\\\/\\\/at-tech.srlwp-content\\\/uploads\\\/iso-logo-black-and-white-150.png\",\"link\":\"\",\"image_width\":\"100\",\"content\":\"\n\n<p>in der Zertifizierungsphase<\\\/p>\",\"icon_width\":80,\"panel_padding\":\"default\",\"panel_image_no_padding\":false,\"meta_element\":\"div\",\"content_column_breakpoint\":\"m\"}}]},{\"type\":\"column\",\"props\":{\"image_position\":\"center-center\",\"media_overlay_gradient\":\"\",\"width_medium\":\"1-3\",\"position_sticky_breakpoint\":\"m\"},\"children\":[{\"type\":\"panel\",\"props\":{\"link_text\":\"Apri\",\"title_hover_style\":\"reset\",\"title_element\":\"h3\",\"title_align\":\"top\",\"title_grid_width\":\"1-2\",\"title_grid_breakpoint\":\"m\",\"meta_style\":\"text-meta\",\"meta_align\":\"below-title\",\"image_align\":\"top\",\"image_grid_width\":\"1-2\",\"image_grid_breakpoint\":\"m\",\"image_svg_color\":\"emphasis\",\"link_style\":\"danger\",\"margin\":\"default\",\"panel_style\":\"card-default\",\"title_style\":\"h5\",\"link_size\":\"small\",\"text_align\":\"center\",\"title\":\"ISO 45001<br \/> Sicherheit und Gesundheit am Arbeitsplatz\",\"image\":\"https:\\\/\\\/at-tech.srlwp-content\\\/uploads\\\/iso-logo-black-and-white-150.png\",\"link\":\"\",\"image_width\":\"100\",\"content\":\"\n\n<p>in der Zertifizierungsphase<\\\/p>\",\"icon_width\":80,\"panel_padding\":\"default\",\"panel_image_no_padding\":false,\"meta_element\":\"div\",\"content_column_breakpoint\":\"m\"}}]}]}]},{\"type\":\"section\",\"props\":{\"style\":\"default\",\"width\":\"default\",\"vertical_align\":\"middle\",\"title_position\":\"top-left\",\"title_rotation\":\"left\",\"title_breakpoint\":\"xl\",\"image_position\":\"center-center\",\"padding\":\"large\"},\"children\":[{\"type\":\"row\",\"props\":{\"layout\":\"1-3,1-3,1-3\",\"column_gap\":\"small\",\"match\":true},\"children\":[{\"type\":\"column\",\"props\":{\"image_position\":\"center-center\",\"media_overlay_gradient\":\"\",\"width_medium\":\"1-3\",\"position_sticky_breakpoint\":\"m\"},\"children\":[{\"type\":\"panel\",\"props\":{\"link_text\":\"Apri\",\"title_hover_style\":\"reset\",\"title_element\":\"h3\",\"title_align\":\"top\",\"title_grid_width\":\"1-2\",\"title_grid_breakpoint\":\"m\",\"meta_style\":\"text-meta\",\"meta_align\":\"below-title\",\"image_align\":\"top\",\"image_grid_width\":\"1-2\",\"image_grid_breakpoint\":\"m\",\"image_svg_color\":\"emphasis\",\"link_style\":\"danger\",\"margin\":\"default\",\"panel_style\":\"card-default\",\"title_style\":\"h5\",\"link_size\":\"small\",\"text_align\":\"center\",\"title\":\"Organisationsmodell 231\",\"image\":\"https:\\\/\\\/at-tech.srlwp-content\\\/uploads\\\/iso-logo-black-and-white-150.png\",\"link\":\"\",\"image_width\":\"100\",\"content\":\"\n\n<p>In der ersten H\\u00e4lfte des Jahres 2023 hat das Unternehmen ein Organisationsmodell f\\u00fcr die Verwaltung und Kontrolle gem\\u00e4\\u00df dem Gesetzesdekret 231\\\/2001 eingef\\u00fchrt und sich mit einem Ethikkodex ausgestattet, der mit allen Mitarbeitern und Lieferanten geteilt wird, sowie mit einem \\u00dcberwachungsorgan<\\\/p>\",\"icon_width\":80,\"panel_padding\":\"default\",\"panel_image_no_padding\":false,\"meta_element\":\"div\",\"content_column_breakpoint\":\"m\"}}]},{\"type\":\"column\",\"props\":{\"image_position\":\"center-center\",\"media_overlay_gradient\":\"\",\"width_medium\":\"1-3\",\"position_sticky_breakpoint\":\"m\"},\"children\":[{\"type\":\"text\",\"props\":{\"margin\":\"default\",\"column_breakpoint\":\"m\",\"content\":\"\n\n<p>[pdf-embedder url=\\\"https:\\\/\\\/at-tech.srl\\\/wp-content\\\/uploads\\\/MOGC-AT.pdf\\\"]<\\\/p>\"}}]},{\"type\":\"column\",\"props\":{\"image_position\":\"center-center\",\"media_overlay_gradient\":\"\",\"width_medium\":\"1-3\",\"position_sticky_breakpoint\":\"m\"},\"children\":[{\"type\":\"text\",\"props\":{\"margin\":\"default\",\"column_breakpoint\":\"m\",\"content\":\"\n\n<p>[pdf-embedder url=\\\"https:\\\/\\\/at-tech.srl\\\/wp-content\\\/uploads\\\/AT-TECH-Codice-Etico.pdf\\\"]<\\\/p>\"}}]}]}]}],\"version\":\"3.0.9\"} --><\/p>\n","protected":false},"excerpt":{"rendered":"<p>ZERTIFIZIERUNGEN ISO 9001 Qualit\u00e4t IQ NET 9001:2015 ICIM 9001:2015 ISO 14001Umwelt in der Zertifizierungsphase ISO 45001 Sicherheit und Gesundheit am Arbeitsplatz in der Zertifizierungsphase Organisationsmodell 231 In der ersten H\u00e4lfte des Jahres 2023 hat das Unternehmen ein Organisationsmodell f\u00fcr die Verwaltung und Kontrolle gem\u00e4\u00df dem Gesetzesdekret 231\/2001 eingef\u00fchrt und sich mit einem Ethikkodex ausgestattet, der [&hellip;]<\/p>\n","protected":false},"author":2,"featured_media":0,"parent":0,"menu_order":0,"comment_status":"closed","ping_status":"closed","template":"","meta":{"footnotes":""},"class_list":["post-2014","page","type-page","status-publish","hentry"],"yoast_head":"<!-- This site is optimized with the Yoast SEO plugin v24.7 - https:\/\/yoast.com\/wordpress\/plugins\/seo\/ -->\n<title>ZERTIFIZIERUNGEN - at-tech<\/title>\n<meta name=\"description\" content=\"ISO 9001 Qualit\u00e0 IQ NET 9001:2015 ICIM 9001:2015 ISO 14001 Ambientein via di certificazione ISO 45001 Sicurezza e Salute sul Lavoro in via di certificazione\" \/>\n<meta name=\"robots\" content=\"index, follow, max-snippet:-1, max-image-preview:large, max-video-preview:-1\" \/>\n<link rel=\"canonical\" href=\"https:\/\/at-tech.srl\/de\/zertifizierungen\/\" \/>\n<meta property=\"og:locale\" content=\"de_DE\" \/>\n<meta property=\"og:type\" content=\"article\" \/>\n<meta property=\"og:title\" content=\"ZERTIFIZIERUNGEN - at-tech\" \/>\n<meta property=\"og:description\" content=\"ISO 9001 Qualit\u00e0 IQ NET 9001:2015 ICIM 9001:2015 ISO 14001 Ambientein via di certificazione ISO 45001 Sicurezza e Salute sul Lavoro in via di certificazione\" \/>\n<meta property=\"og:url\" content=\"https:\/\/at-tech.srl\/de\/zertifizierungen\/\" \/>\n<meta property=\"og:site_name\" content=\"at-tech\" \/>\n<meta property=\"article:modified_time\" content=\"2024-11-06T11:44:31+00:00\" \/>\n<meta property=\"og:image\" content=\"https:\/\/at-tech.srlwp-content\/uploads\/iso-logo-black-and-white-150.png\" \/>\n<meta name=\"twitter:card\" content=\"summary_large_image\" \/>\n<script type=\"application\/ld+json\" class=\"yoast-schema-graph\">{\"@context\":\"https:\/\/schema.org\",\"@graph\":[{\"@type\":\"WebPage\",\"@id\":\"https:\/\/at-tech.srl\/de\/zertifizierungen\/\",\"url\":\"https:\/\/at-tech.srl\/de\/zertifizierungen\/\",\"name\":\"ZERTIFIZIERUNGEN - at-tech\",\"isPartOf\":{\"@id\":\"https:\/\/at-tech.srl\/de\/#website\"},\"primaryImageOfPage\":{\"@id\":\"https:\/\/at-tech.srl\/de\/zertifizierungen\/#primaryimage\"},\"image\":{\"@id\":\"https:\/\/at-tech.srl\/de\/zertifizierungen\/#primaryimage\"},\"thumbnailUrl\":\"https:\/\/at-tech.srl\/wp-content\/uploads\/iso-logo-black-and-white-150.png\",\"datePublished\":\"2020-06-03T12:55:01+00:00\",\"dateModified\":\"2024-11-06T11:44:31+00:00\",\"description\":\"ISO 9001 Qualit\u00e0 IQ NET 9001:2015 ICIM 9001:2015 ISO 14001 Ambientein via di certificazione ISO 45001 Sicurezza e Salute sul Lavoro in via di certificazione\",\"breadcrumb\":{\"@id\":\"https:\/\/at-tech.srl\/de\/zertifizierungen\/#breadcrumb\"},\"inLanguage\":\"de\",\"potentialAction\":[{\"@type\":\"ReadAction\",\"target\":[\"https:\/\/at-tech.srl\/de\/zertifizierungen\/\"]}]},{\"@type\":\"ImageObject\",\"inLanguage\":\"de\",\"@id\":\"https:\/\/at-tech.srl\/de\/zertifizierungen\/#primaryimage\",\"url\":\"https:\/\/at-tech.srl\/wp-content\/uploads\/iso-logo-black-and-white-150.png\",\"contentUrl\":\"https:\/\/at-tech.srl\/wp-content\/uploads\/iso-logo-black-and-white-150.png\"},{\"@type\":\"BreadcrumbList\",\"@id\":\"https:\/\/at-tech.srl\/de\/zertifizierungen\/#breadcrumb\",\"itemListElement\":[{\"@type\":\"ListItem\",\"position\":1,\"name\":\"Home\",\"item\":\"https:\/\/at-tech.srl\/de\/\"},{\"@type\":\"ListItem\",\"position\":2,\"name\":\"ZERTIFIZIERUNGEN\"}]},{\"@type\":\"WebSite\",\"@id\":\"https:\/\/at-tech.srl\/de\/#website\",\"url\":\"https:\/\/at-tech.srl\/de\/\",\"name\":\"AT TECH SRL\",\"description\":\"Equipments for your Business\",\"publisher\":{\"@id\":\"https:\/\/at-tech.srl\/de\/#organization\"},\"potentialAction\":[{\"@type\":\"SearchAction\",\"target\":{\"@type\":\"EntryPoint\",\"urlTemplate\":\"https:\/\/at-tech.srl\/de\/?s={search_term_string}\"},\"query-input\":{\"@type\":\"PropertyValueSpecification\",\"valueRequired\":true,\"valueName\":\"search_term_string\"}}],\"inLanguage\":\"de\"},{\"@type\":\"Organization\",\"@id\":\"https:\/\/at-tech.srl\/de\/#organization\",\"name\":\"AT TECH SRL\",\"url\":\"https:\/\/at-tech.srl\/de\/\",\"logo\":{\"@type\":\"ImageObject\",\"inLanguage\":\"de\",\"@id\":\"https:\/\/at-tech.srl\/de\/#\/schema\/logo\/image\/\",\"url\":\"https:\/\/at-tech.srl\/wp-content\/uploads\/attech.svg\",\"contentUrl\":\"https:\/\/at-tech.srl\/wp-content\/uploads\/attech.svg\",\"width\":1,\"height\":1,\"caption\":\"AT TECH SRL\"},\"image\":{\"@id\":\"https:\/\/at-tech.srl\/de\/#\/schema\/logo\/image\/\"}}]}<\/script>\n<!-- \/ Yoast SEO plugin. -->","yoast_head_json":{"title":"ZERTIFIZIERUNGEN - at-tech","description":"ISO 9001 Qualit\u00e0 IQ NET 9001:2015 ICIM 9001:2015 ISO 14001 Ambientein via di certificazione ISO 45001 Sicurezza e Salute sul Lavoro in via di certificazione","robots":{"index":"index","follow":"follow","max-snippet":"max-snippet:-1","max-image-preview":"max-image-preview:large","max-video-preview":"max-video-preview:-1"},"canonical":"https:\/\/at-tech.srl\/de\/zertifizierungen\/","og_locale":"de_DE","og_type":"article","og_title":"ZERTIFIZIERUNGEN - at-tech","og_description":"ISO 9001 Qualit\u00e0 IQ NET 9001:2015 ICIM 9001:2015 ISO 14001 Ambientein via di certificazione ISO 45001 Sicurezza e Salute sul Lavoro in via di certificazione","og_url":"https:\/\/at-tech.srl\/de\/zertifizierungen\/","og_site_name":"at-tech","article_modified_time":"2024-11-06T11:44:31+00:00","og_image":[{"url":"https:\/\/at-tech.srlwp-content\/uploads\/iso-logo-black-and-white-150.png","type":"","width":"","height":""}],"twitter_card":"summary_large_image","schema":{"@context":"https:\/\/schema.org","@graph":[{"@type":"WebPage","@id":"https:\/\/at-tech.srl\/de\/zertifizierungen\/","url":"https:\/\/at-tech.srl\/de\/zertifizierungen\/","name":"ZERTIFIZIERUNGEN - at-tech","isPartOf":{"@id":"https:\/\/at-tech.srl\/de\/#website"},"primaryImageOfPage":{"@id":"https:\/\/at-tech.srl\/de\/zertifizierungen\/#primaryimage"},"image":{"@id":"https:\/\/at-tech.srl\/de\/zertifizierungen\/#primaryimage"},"thumbnailUrl":"https:\/\/at-tech.srl\/wp-content\/uploads\/iso-logo-black-and-white-150.png","datePublished":"2020-06-03T12:55:01+00:00","dateModified":"2024-11-06T11:44:31+00:00","description":"ISO 9001 Qualit\u00e0 IQ NET 9001:2015 ICIM 9001:2015 ISO 14001 Ambientein via di certificazione ISO 45001 Sicurezza e Salute sul Lavoro in via di certificazione","breadcrumb":{"@id":"https:\/\/at-tech.srl\/de\/zertifizierungen\/#breadcrumb"},"inLanguage":"de","potentialAction":[{"@type":"ReadAction","target":["https:\/\/at-tech.srl\/de\/zertifizierungen\/"]}]},{"@type":"ImageObject","inLanguage":"de","@id":"https:\/\/at-tech.srl\/de\/zertifizierungen\/#primaryimage","url":"https:\/\/at-tech.srl\/wp-content\/uploads\/iso-logo-black-and-white-150.png","contentUrl":"https:\/\/at-tech.srl\/wp-content\/uploads\/iso-logo-black-and-white-150.png"},{"@type":"BreadcrumbList","@id":"https:\/\/at-tech.srl\/de\/zertifizierungen\/#breadcrumb","itemListElement":[{"@type":"ListItem","position":1,"name":"Home","item":"https:\/\/at-tech.srl\/de\/"},{"@type":"ListItem","position":2,"name":"ZERTIFIZIERUNGEN"}]},{"@type":"WebSite","@id":"https:\/\/at-tech.srl\/de\/#website","url":"https:\/\/at-tech.srl\/de\/","name":"AT TECH SRL","description":"Equipments for your Business","publisher":{"@id":"https:\/\/at-tech.srl\/de\/#organization"},"potentialAction":[{"@type":"SearchAction","target":{"@type":"EntryPoint","urlTemplate":"https:\/\/at-tech.srl\/de\/?s={search_term_string}"},"query-input":{"@type":"PropertyValueSpecification","valueRequired":true,"valueName":"search_term_string"}}],"inLanguage":"de"},{"@type":"Organization","@id":"https:\/\/at-tech.srl\/de\/#organization","name":"AT TECH SRL","url":"https:\/\/at-tech.srl\/de\/","logo":{"@type":"ImageObject","inLanguage":"de","@id":"https:\/\/at-tech.srl\/de\/#\/schema\/logo\/image\/","url":"https:\/\/at-tech.srl\/wp-content\/uploads\/attech.svg","contentUrl":"https:\/\/at-tech.srl\/wp-content\/uploads\/attech.svg","width":1,"height":1,"caption":"AT TECH SRL"},"image":{"@id":"https:\/\/at-tech.srl\/de\/#\/schema\/logo\/image\/"}}]}},"_links":{"self":[{"href":"https:\/\/at-tech.srl\/de\/wp-json\/wp\/v2\/pages\/2014","targetHints":{"allow":["GET"]}}],"collection":[{"href":"https:\/\/at-tech.srl\/de\/wp-json\/wp\/v2\/pages"}],"about":[{"href":"https:\/\/at-tech.srl\/de\/wp-json\/wp\/v2\/types\/page"}],"author":[{"embeddable":true,"href":"https:\/\/at-tech.srl\/de\/wp-json\/wp\/v2\/users\/2"}],"replies":[{"embeddable":true,"href":"https:\/\/at-tech.srl\/de\/wp-json\/wp\/v2\/comments?post=2014"}],"version-history":[{"count":2,"href":"https:\/\/at-tech.srl\/de\/wp-json\/wp\/v2\/pages\/2014\/revisions"}],"predecessor-version":[{"id":2072,"href":"https:\/\/at-tech.srl\/de\/wp-json\/wp\/v2\/pages\/2014\/revisions\/2072"}],"wp:attachment":[{"href":"https:\/\/at-tech.srl\/de\/wp-json\/wp\/v2\/media?parent=2014"}],"curies":[{"name":"wp","href":"https:\/\/api.w.org\/{rel}","templated":true}]}}